{"id":15,"date":"2015-02-10T19:22:07","date_gmt":"2015-02-10T18:22:07","guid":{"rendered":"http:\/\/theme-fusion.com\/avada_demos\/architecture\/?page_id=15"},"modified":"2020-12-26T09:46:59","modified_gmt":"2020-12-26T08:46:59","slug":"kontakt","status":"publish","type":"page","link":"http:\/\/wizualhome3d.pl\/index.php\/kontakt\/","title":{"rendered":"Kontakt Wizualhome3d"},"content":{"rendered":"<div  class=\"fusion-fullwidth fullwidth-box fusion-parallax-none nonhundred-percent-fullwidth\"  style='background-color: rgba(255,255,255,0);background-image: url(\"http:\/\/wizualhome3d.pl\/wp-content\/uploads\/2015\/02\/home-section1.jpg\");background-position: left top;background-repeat: no-repeat;padding-top:130px;padding-right:0px;padding-bottom:110px;padding-left:0px;border-top-width:0px;border-bottom-width:0px;border-color:#eae9e9;border-top-style:solid;border-bottom-style:solid;-webkit-background-size:cover;-moz-background-size:cover;-o-background-size:cover;background-size:cover;background-attachment:none;'><div class=\"fusion-builder-row fusion-row \"><div  class=\"fusion-layout-column fusion_builder_column fusion_builder_column_1_1  fusion-one-full fusion-column-first fusion-column-last fusion-column-no-min-height 1_1\"  style='margin-top:0px;margin-bottom:0px;'>\n\t\t\t<div class=\"fusion-column-wrapper\" style=\"background-position:left top;background-repeat:no-repeat;-webkit-background-size:cover;-moz-background-size:cover;-o-background-size:cover;background-size:cover;\"  data-bg-url=\"\">\n\t\t\t\t<h2><span style=\"color: #ffffff;\">SKONTAKTUJ SI\u0118 Z NAMI<\/span><\/h2>\n<h3 style=\"padding-left: 30px;\"><span style=\"color: #ffffff;\">Opowiedz nam o swoich pomys\u0142ach na wizualizacje lub po prostu si\u0119 przywitaj. Masz \u015bwietny pomys\u0142, projekt wn\u0119trza, domu, obiekt\u00f3w architektonicznych, produkt\u00f3w na sprzeda\u017c lub potrzebujesz inspiracji, jeste\u015bmy tutaj aby stworzy\u0107 idealne wizualizacje. \u00a0<\/span><\/h3>\n<div class=\"fusion-sep-clear\"><\/div><div class=\"fusion-separator fusion-full-width-sep sep-none\" style=\"margin-left: auto;margin-right: auto;margin-top:100px;\"><\/div><div class=\"fusion-clearfix\"><\/div>\n\n\t\t\t<\/div>\n\t\t<\/div><div  class=\"fusion-layout-column fusion_builder_column fusion_builder_column_1_4  fusion-one-fourth fusion-column-first 1_4\"  style='margin-top:150px;margin-bottom:20px;width:22%; margin-right: 4%;'>\n\t\t\t<div class=\"fusion-column-wrapper\" style=\"background-position:left top;background-repeat:no-repeat;-webkit-background-size:cover;-moz-background-size:cover;-o-background-size:cover;background-size:cover;\"  data-bg-url=\"\">\n\t\t\t\t<div class=\"imageframe-liftup\"><span class=\"fusion-imageframe imageframe-none imageframe-1\"><img loading=\"lazy\" src=\"http:\/\/wizualhome3d.pl\/wp-content\/uploads\/2015\/02\/kontakt.png\" width=\"\" height=\"\" alt=\"Kontakt WizualHome3D\" title=\"\" class=\"img-responsive\"\/><\/span><\/div><div class=\"fusion-clearfix\"><\/div>\n\n\t\t\t<\/div>\n\t\t<\/div><div  class=\"fusion-layout-column fusion_builder_column fusion_builder_column_1_4  fusion-one-fourth 1_4\"  style='margin-top:0px;margin-bottom:20px;width:22%; margin-right: 4%;'>\n\t\t\t<div class=\"fusion-column-wrapper\" style=\"background-position:left top;background-repeat:no-repeat;-webkit-background-size:cover;-moz-background-size:cover;-o-background-size:cover;background-size:cover;\"  data-bg-url=\"\">\n\t\t\t\t<h1><span style=\"color: #ffffff;\">Kontakt:<\/span><\/h1>\n<h3><span style=\"color: #ffffff;\">WizualHome3D<\/span><br \/>\n<span style=\"color: #ffffff;\">Bart\u0142omiej W\u0119grzyn\u00a0<\/span><br \/>\n<span style=\"color: #ffffff;\"> Ul. Sienkiewicza 2,<\/span><br \/>\n<span style=\"color: #ffffff;\"> 42-360 Poraj (k.Cz\u0119stochowy)<\/span><br \/>\n<span style=\"color: #ffffff;\"> Tel: 697-007-937<\/span><br \/>\n<span style=\"color: #ffffff;\">Email: wizualhome3d@gmail.com<\/span><\/h3>\n<h3><span style=\"color: #ffffff;\">Web: <a style=\"color: #ffffff;\" href=\"http:\/\/wizualhome3d.pl\">wizualhome3d.pl<\/a><\/span><\/h3>\n<div class=\"fusion-clearfix\"><\/div>\n\n\t\t\t<\/div>\n\t\t<\/div><div  class=\"fusion-layout-column fusion_builder_column fusion_builder_column_1_1  fusion-one-full fusion-column-last 1_1\"  style='margin-top:0px;margin-bottom:20px;'>\n\t\t\t<div class=\"fusion-column-wrapper\" style=\"background-position:left top;background-repeat:no-repeat;-webkit-background-size:cover;-moz-background-size:cover;-o-background-size:cover;background-size:cover;\"  data-bg-url=\"\">\n\t\t\t\t\t\t\t<script type=\"text\/javascript\">\n\t\t\t\tvar map_fusion_map_69f36a90a1389;\n\t\t\t\tvar markers = [];\n\t\t\t\tvar counter = 0;\n\t\t\t\tfunction fusion_run_map_fusion_map_69f36a90a1389() {\n\t\t\t\t\tjQuery('#fusion_map_69f36a90a1389').fusion_maps({\n\t\t\t\t\t\taddresses: [{\"address\":\"50.673871, 19.221108\",\"infobox_content\":\"WizualHome3D<br \\\/>\\nSienkiewicza 2<br \\\/>\\n42-360 Poraj\",\"coordinates\":false,\"cache\":true,\"latitude\":\"50.673735\",\"longitude\":\"19.221324299999992\"}],\n\t\t\t\t\t\tanimations: true,\n\t\t\t\t\t\tinfobox_background_color: '',\n\t\t\t\t\t\tinfobox_styling: 'default',\n\t\t\t\t\t\tinfobox_text_color: '',\n\t\t\t\t\t\tmap_style: 'default',\n\t\t\t\t\t\tmap_type: 'roadmap',\n\t\t\t\t\t\tmarker_icon: '',\n\t\t\t\t\t\toverlay_color: '',\n\t\t\t\t\t\toverlay_color_hsl: {\"hue\":0,\"sat\":0,\"lum\":6},\n\t\t\t\t\t\tpan_control: true,\n\t\t\t\t\t\tshow_address: true,\n\t\t\t\t\t\tscale_control: true,\n\t\t\t\t\t\tscrollwheel: true,\n\t\t\t\t\t\tzoom: 14,\n\t\t\t\t\t\tzoom_control: true,\n\t\t\t\t\t});\n\t\t\t\t}\n\n\t\t\t\tgoogle.maps.event.addDomListener(window, 'load', fusion_run_map_fusion_map_69f36a90a1389);\n\t\t\t<\/script>\n\t\t\t<div class=\"shortcode-map fusion-google-map\" id=\"fusion_map_69f36a90a1389\" style=\"height:450px;width:100%;\"><\/div><div class=\"fusion-clearfix\"><\/div>\n\n\t\t\t<\/div>\n\t\t<\/div><\/div><\/div>\n","protected":false},"excerpt":{"rendered":"","protected":false},"author":2,"featured_media":0,"parent":0,"menu_order":0,"comment_status":"closed","ping_status":"closed","template":"100-width.php","meta":{"_mi_skip_tracking":false},"yoast_head":"<!-- This site is optimized with the Yoast SEO plugin v19.0 - https:\/\/yoast.com\/wordpress\/plugins\/seo\/ -->\n<title>Kontakt - WizualHome3D - Wizualizacje 3D wn\u0119trz, architektury i produkt\u00f3w<\/title>\n<meta name=\"description\" content=\"Opowiedz nam o swoich pomys\u0142ach na projekt. Masz pomys\u0142 lub potrzebujesz inspiracji, jeste\u015bmy tutaj aby stworzy\u0107 idealny projekt.\" \/>\n<meta name=\"robots\" content=\"index, follow, max-snippet:-1, max-image-preview:large, max-video-preview:-1\" \/>\n<link rel=\"canonical\" href=\"http:\/\/wizualhome3d.pl\/index.php\/kontakt\/\" \/>\n<meta property=\"og:locale\" content=\"pl_PL\" \/>\n<meta property=\"og:type\" content=\"article\" \/>\n<meta property=\"og:title\" content=\"Kontakt - WizualHome3D - Wizualizacje 3D wn\u0119trz, architektury i produkt\u00f3w\" \/>\n<meta property=\"og:description\" content=\"Opowiedz nam o swoich pomys\u0142ach na projekt. Masz pomys\u0142 lub potrzebujesz inspiracji, jeste\u015bmy tutaj aby stworzy\u0107 idealny projekt.\" \/>\n<meta property=\"og:url\" content=\"http:\/\/wizualhome3d.pl\/index.php\/kontakt\/\" \/>\n<meta property=\"og:site_name\" content=\"WizualHome3D - Pracownia wizualizacji komputerowej\" \/>\n<meta property=\"article:publisher\" content=\"https:\/\/www.facebook.com\/wizualhome3d\/\" \/>\n<meta property=\"article:modified_time\" content=\"2020-12-26T08:46:59+00:00\" \/>\n<meta property=\"og:image\" content=\"http:\/\/wizualhome3d.pl\/wp-content\/uploads\/2015\/02\/kontakt.png\" \/>\n<meta name=\"twitter:card\" content=\"summary\" \/>\n<meta name=\"twitter:label1\" content=\"Szacowany czas czytania\" \/>\n\t<meta name=\"twitter:data1\" content=\"2 minuty\" \/>\n<script type=\"application\/ld+json\" class=\"yoast-schema-graph\">{\"@context\":\"https:\/\/schema.org\",\"@graph\":[{\"@type\":\"WebSite\",\"@id\":\"http:\/\/wizualhome3d.pl\/#website\",\"url\":\"http:\/\/wizualhome3d.pl\/\",\"name\":\"WizualHome3D - Pracownia wizualizacji komputerowej\",\"description\":\"Wykonywanie wizualizacji 3D wn\u0119trz, architektury, produkt\u00f3w, modelowanie obiekt\u00f3w 3d\",\"potentialAction\":[{\"@type\":\"SearchAction\",\"target\":{\"@type\":\"EntryPoint\",\"urlTemplate\":\"http:\/\/wizualhome3d.pl\/?s={search_term_string}\"},\"query-input\":\"required name=search_term_string\"}],\"inLanguage\":\"pl-PL\"},{\"@type\":\"ImageObject\",\"inLanguage\":\"pl-PL\",\"@id\":\"http:\/\/wizualhome3d.pl\/index.php\/kontakt\/#primaryimage\",\"url\":\"http:\/\/wizualhome3d.pl\/wp-content\/uploads\/2015\/02\/kontakt.png\",\"contentUrl\":\"http:\/\/wizualhome3d.pl\/wp-content\/uploads\/2015\/02\/kontakt.png\",\"width\":1060,\"height\":510,\"caption\":\"Kontakt WizualHome3D\"},{\"@type\":\"WebPage\",\"@id\":\"http:\/\/wizualhome3d.pl\/index.php\/kontakt\/#webpage\",\"url\":\"http:\/\/wizualhome3d.pl\/index.php\/kontakt\/\",\"name\":\"Kontakt - WizualHome3D - Wizualizacje 3D wn\u0119trz, architektury i produkt\u00f3w\",\"isPartOf\":{\"@id\":\"http:\/\/wizualhome3d.pl\/#website\"},\"primaryImageOfPage\":{\"@id\":\"http:\/\/wizualhome3d.pl\/index.php\/kontakt\/#primaryimage\"},\"datePublished\":\"2015-02-10T18:22:07+00:00\",\"dateModified\":\"2020-12-26T08:46:59+00:00\",\"description\":\"Opowiedz nam o swoich pomys\u0142ach na projekt. Masz pomys\u0142 lub potrzebujesz inspiracji, jeste\u015bmy tutaj aby stworzy\u0107 idealny projekt.\",\"breadcrumb\":{\"@id\":\"http:\/\/wizualhome3d.pl\/index.php\/kontakt\/#breadcrumb\"},\"inLanguage\":\"pl-PL\",\"potentialAction\":[{\"@type\":\"ReadAction\",\"target\":[\"http:\/\/wizualhome3d.pl\/index.php\/kontakt\/\"]}]},{\"@type\":\"BreadcrumbList\",\"@id\":\"http:\/\/wizualhome3d.pl\/index.php\/kontakt\/#breadcrumb\",\"itemListElement\":[{\"@type\":\"ListItem\",\"position\":1,\"name\":\"Strona g\u0142\u00f3wna\",\"item\":\"http:\/\/wizualhome3d.pl\/\"},{\"@type\":\"ListItem\",\"position\":2,\"name\":\"Kontakt Wizualhome3d\"}]}]}<\/script>\n<!-- \/ Yoast SEO plugin. -->","yoast_head_json":{"title":"Kontakt - WizualHome3D - Wizualizacje 3D wn\u0119trz, architektury i produkt\u00f3w","description":"Opowiedz nam o swoich pomys\u0142ach na projekt. Masz pomys\u0142 lub potrzebujesz inspiracji, jeste\u015bmy tutaj aby stworzy\u0107 idealny projekt.","robots":{"index":"index","follow":"follow","max-snippet":"max-snippet:-1","max-image-preview":"max-image-preview:large","max-video-preview":"max-video-preview:-1"},"canonical":"http:\/\/wizualhome3d.pl\/index.php\/kontakt\/","og_locale":"pl_PL","og_type":"article","og_title":"Kontakt - WizualHome3D - Wizualizacje 3D wn\u0119trz, architektury i produkt\u00f3w","og_description":"Opowiedz nam o swoich pomys\u0142ach na projekt. Masz pomys\u0142 lub potrzebujesz inspiracji, jeste\u015bmy tutaj aby stworzy\u0107 idealny projekt.","og_url":"http:\/\/wizualhome3d.pl\/index.php\/kontakt\/","og_site_name":"WizualHome3D - Pracownia wizualizacji komputerowej","article_publisher":"https:\/\/www.facebook.com\/wizualhome3d\/","article_modified_time":"2020-12-26T08:46:59+00:00","og_image":[{"url":"http:\/\/wizualhome3d.pl\/wp-content\/uploads\/2015\/02\/kontakt.png"}],"twitter_card":"summary","twitter_misc":{"Szacowany czas czytania":"2 minuty"},"schema":{"@context":"https:\/\/schema.org","@graph":[{"@type":"WebSite","@id":"http:\/\/wizualhome3d.pl\/#website","url":"http:\/\/wizualhome3d.pl\/","name":"WizualHome3D - Pracownia wizualizacji komputerowej","description":"Wykonywanie wizualizacji 3D wn\u0119trz, architektury, produkt\u00f3w, modelowanie obiekt\u00f3w 3d","potentialAction":[{"@type":"SearchAction","target":{"@type":"EntryPoint","urlTemplate":"http:\/\/wizualhome3d.pl\/?s={search_term_string}"},"query-input":"required name=search_term_string"}],"inLanguage":"pl-PL"},{"@type":"ImageObject","inLanguage":"pl-PL","@id":"http:\/\/wizualhome3d.pl\/index.php\/kontakt\/#primaryimage","url":"http:\/\/wizualhome3d.pl\/wp-content\/uploads\/2015\/02\/kontakt.png","contentUrl":"http:\/\/wizualhome3d.pl\/wp-content\/uploads\/2015\/02\/kontakt.png","width":1060,"height":510,"caption":"Kontakt WizualHome3D"},{"@type":"WebPage","@id":"http:\/\/wizualhome3d.pl\/index.php\/kontakt\/#webpage","url":"http:\/\/wizualhome3d.pl\/index.php\/kontakt\/","name":"Kontakt - WizualHome3D - Wizualizacje 3D wn\u0119trz, architektury i produkt\u00f3w","isPartOf":{"@id":"http:\/\/wizualhome3d.pl\/#website"},"primaryImageOfPage":{"@id":"http:\/\/wizualhome3d.pl\/index.php\/kontakt\/#primaryimage"},"datePublished":"2015-02-10T18:22:07+00:00","dateModified":"2020-12-26T08:46:59+00:00","description":"Opowiedz nam o swoich pomys\u0142ach na projekt. Masz pomys\u0142 lub potrzebujesz inspiracji, jeste\u015bmy tutaj aby stworzy\u0107 idealny projekt.","breadcrumb":{"@id":"http:\/\/wizualhome3d.pl\/index.php\/kontakt\/#breadcrumb"},"inLanguage":"pl-PL","potentialAction":[{"@type":"ReadAction","target":["http:\/\/wizualhome3d.pl\/index.php\/kontakt\/"]}]},{"@type":"BreadcrumbList","@id":"http:\/\/wizualhome3d.pl\/index.php\/kontakt\/#breadcrumb","itemListElement":[{"@type":"ListItem","position":1,"name":"Strona g\u0142\u00f3wna","item":"http:\/\/wizualhome3d.pl\/"},{"@type":"ListItem","position":2,"name":"Kontakt Wizualhome3d"}]}]}},"_links":{"self":[{"href":"http:\/\/wizualhome3d.pl\/index.php\/wp-json\/wp\/v2\/pages\/15"}],"collection":[{"href":"http:\/\/wizualhome3d.pl\/index.php\/wp-json\/wp\/v2\/pages"}],"about":[{"href":"http:\/\/wizualhome3d.pl\/index.php\/wp-json\/wp\/v2\/types\/page"}],"author":[{"embeddable":true,"href":"http:\/\/wizualhome3d.pl\/index.php\/wp-json\/wp\/v2\/users\/2"}],"replies":[{"embeddable":true,"href":"http:\/\/wizualhome3d.pl\/index.php\/wp-json\/wp\/v2\/comments?post=15"}],"version-history":[{"count":49,"href":"http:\/\/wizualhome3d.pl\/index.php\/wp-json\/wp\/v2\/pages\/15\/revisions"}],"predecessor-version":[{"id":2346,"href":"http:\/\/wizualhome3d.pl\/index.php\/wp-json\/wp\/v2\/pages\/15\/revisions\/2346"}],"wp:attachment":[{"href":"http:\/\/wizualhome3d.pl\/index.php\/wp-json\/wp\/v2\/media?parent=15"}],"curies":[{"name":"wp","href":"https:\/\/api.w.org\/{rel}","templated":true}]}}