{"id":2070,"date":"2017-06-28T13:36:41","date_gmt":"2017-06-28T11:36:41","guid":{"rendered":"http:\/\/wizualhome3d.pl\/?page_id=2070"},"modified":"2019-03-11T12:10:31","modified_gmt":"2019-03-11T11:10:31","slug":"visualization-lab","status":"publish","type":"page","link":"http:\/\/wizualhome3d.pl\/index.php\/en\/visualization-lab\/","title":{"rendered":"Visualization lab"},"content":{"rendered":"<p><div  class=\"fusion-fullwidth fullwidth-box fusion-parallax-fixed hundred-percent-fullwidth fusion-no-small-visibility\"  style='background-color: rgba(255,255,255,0);background-image: url(\"http:\/\/wizualhome3d.pl\/wp-content\/uploads\/2017\/06\/Baca\u0144ski_1.jpg\");background-position: left top;background-repeat: no-repeat;padding-top:20px;padding-right:30px;padding-bottom:900px;padding-left:30px;border-top-width:0px;border-bottom-width:0px;border-color:#eae9e9;border-top-style:solid;border-bottom-style:solid;-webkit-background-size:cover;-moz-background-size:cover;-o-background-size:cover;background-size:cover;background-attachment:fixed;'><div class=\"fusion-builder-row fusion-row \"><\/div><\/div><div  class=\"fusion-fullwidth fullwidth-box nonhundred-percent-fullwidth\"  style='background-color: #efefef;background-position: left top;background-repeat: no-repeat;padding-top:100px;padding-right:0px;padding-bottom:20px;padding-left:0px;border-top-width:0px;border-bottom-width:0px;border-color:#24272d;border-top-style:solid;border-bottom-style:solid;'><div class=\"fusion-builder-row fusion-row \"><div  class=\"fusion-layout-column fusion_builder_column fusion_builder_column_1_1  fusion-one-full fusion-column-first fusion-column-last fusion-column-no-min-height 1_1\"  style='margin-top:0px;margin-bottom:0px;'>\n\t\t\t<div class=\"fusion-column-wrapper\" style=\"background-position:left top;background-repeat:no-repeat;-webkit-background-size:cover;-moz-background-size:cover;-o-background-size:cover;background-size:cover;\"  data-bg-url=\"\">\n\t\t\t\t<h1 style=\"text-align: center;\">WizualHome3D<\/h1>\n<h3 style=\"text-align: center;\">Visualization Lab<\/h3>\n<h2 style=\"text-align: right;\"><\/h2>\n<h2 style=\"text-align: center;\">Visualization as a method of creating, analyzing and communicating information.<\/h2>\n<p>&nbsp;<\/p>\n<div class=\"fusion-sep-clear\"><\/div><div class=\"fusion-separator fusion-full-width-sep sep-none\" style=\"margin-left: auto;margin-right: auto;margin-top:;margin-bottom:100px;\"><\/div><div class=\"fusion-clearfix\"><\/div>\n\n\t\t\t<\/div>\n\t\t<\/div><\/div><\/div><div  class=\"fusion-fullwidth fullwidth-box fusion-parallax-fixed hundred-percent-fullwidth\"  style='background-color: rgba(255,255,255,0);background-image: url(\"http:\/\/wizualhome3d.pl\/wp-content\/uploads\/2016\/04\/315.jpg\");background-position: left top;background-repeat: no-repeat;padding-top:150px;padding-right:30px;padding-bottom:150px;padding-left:30px;border-top-width:0px;border-bottom-width:0px;border-color:#eae9e9;border-top-style:solid;border-bottom-style:solid;-webkit-background-size:cover;-moz-background-size:cover;-o-background-size:cover;background-size:cover;background-attachment:fixed;'><div class=\"fusion-builder-row fusion-row \"><div  data-animationType=fadeInLeft data-animationDuration=1 data-animationOffset=50% class=\"fusion-layout-column fusion_builder_column fusion_builder_column_1_3  fusion-one-third fusion-column-first fusion-animated 1_3\"  style='margin-top:0px;margin-bottom:20px;width:30.6666%; margin-right: 4%;'>\n\t\t\t<div class=\"fusion-column-wrapper\" style=\"background-position:left top;background-repeat:no-repeat;-webkit-background-size:cover;-moz-background-size:cover;-o-background-size:cover;background-size:cover;\"  data-bg-url=\"\">\n\t\t\t\t<h3 id=\"tw-target-text\" class=\"tw-data-text tw-ta tw-text-small\" dir=\"ltr\" data-placeholder=\"T\u0142umaczenie\"><span lang=\"en\" style=\"color: #ffffff;\">The studio was created in 2016.<\/span><\/h3>\n<h3 id=\"tw-target-text\" class=\"tw-data-text tw-ta tw-text-small\" dir=\"ltr\" data-placeholder=\"T\u0142umaczenie\"><span lang=\"en\" style=\"color: #ffffff;\">We try to show the high quality of our work,<\/span><\/h3>\n<h3 id=\"tw-target-text\" class=\"tw-data-text tw-ta tw-text-small\" dir=\"ltr\" data-placeholder=\"T\u0142umaczenie\"><span lang=\"en\" style=\"color: #ffffff;\">Professionally prepare for demanding service. <\/span><\/h3>\n<h3 id=\"tw-target-text\" class=\"tw-data-text tw-ta tw-text-small\" dir=\"ltr\" data-placeholder=\"T\u0142umaczenie\"><span style=\"color: #ffffff;\"><span lang=\"en\">We love what we do, we develop our skills in computer graphics.<\/span>\u00a0<\/span><\/h3>\n<div class=\"fusion-clearfix\"><\/div>\n\n\t\t\t<\/div>\n\t\t<\/div><div  class=\"fusion-layout-column fusion_builder_column fusion_builder_column_1_3  fusion-one-third 1_3\"  style='margin-top:0px;margin-bottom:20px;width:30.6666%; margin-right: 4%;'>\n\t\t\t<div class=\"fusion-column-wrapper\" style=\"background-position:left top;background-repeat:no-repeat;-webkit-background-size:cover;-moz-background-size:cover;-o-background-size:cover;background-size:cover;\"  data-bg-url=\"\">\n\t\t\t\t<div class=\"fusion-clearfix\"><\/div>\n\n\t\t\t<\/div>\n\t\t<\/div><div  class=\"fusion-layout-column fusion_builder_column fusion_builder_column_1_3  fusion-one-third fusion-column-last 1_3\"  style='margin-top:0px;margin-bottom:20px;width:30.6666%'>\n\t\t\t<div class=\"fusion-column-wrapper\" style=\"background-position:left top;background-repeat:no-repeat;-webkit-background-size:cover;-moz-background-size:cover;-o-background-size:cover;background-size:cover;\"  data-bg-url=\"\">\n\t\t\t\t<div class=\"fusion-clearfix\"><\/div>\n\n\t\t\t<\/div>\n\t\t<\/div><\/div><\/div><div  class=\"fusion-fullwidth fullwidth-box hundred-percent-fullwidth\"  style='background-color: #efefef;background-position: left top;background-repeat: no-repeat;padding-top:100px;padding-right:0px;padding-bottom:20px;padding-left:0px;border-top-width:0px;border-bottom-width:0px;border-color:#24272d;border-top-style:solid;border-bottom-style:solid;'><div class=\"fusion-builder-row fusion-row \"><div  class=\"fusion-layout-column fusion_builder_column fusion_builder_column_1_1  fusion-one-full fusion-column-first fusion-column-last fusion-column-no-min-height 1_1\"  style='margin-top:0px;margin-bottom:0px;'>\n\t\t\t<div class=\"fusion-column-wrapper\" style=\"background-position:left top;background-repeat:no-repeat;-webkit-background-size:cover;-moz-background-size:cover;-o-background-size:cover;background-size:cover;\"  data-bg-url=\"\">\n\t\t\t\t<h1 id=\"tw-target-text\" class=\"tw-data-text tw-ta tw-text-small\" dir=\"ltr\" style=\"text-align: center;\" data-placeholder=\"T\u0142umaczenie\"><span lang=\"en\">We prepare, model, perform visualization<\/span><\/h1>\n<p>&nbsp;<\/p>\n<div class=\"fusion-sep-clear\"><\/div><div class=\"fusion-separator fusion-full-width-sep sep-none\" style=\"margin-left: auto;margin-right: auto;margin-top:;margin-bottom:100px;\"><\/div><p><code>[ipanorama id=\"2123\"]<\/code><\/p>\n<div class=\"fusion-sep-clear\"><\/div><div class=\"fusion-separator fusion-full-width-sep sep-none\" style=\"margin-left: auto;margin-right: auto;margin-top:;margin-bottom:100px;\"><\/div><div class=\"fusion-clearfix\"><\/div>\n\n\t\t\t<\/div>\n\t\t<\/div><\/div><\/div><div  class=\"fusion-fullwidth fullwidth-box nonhundred-percent-fullwidth\"  style='background-color: rgba(255,255,255,0);background-position: center center;background-repeat: no-repeat;padding-top:20px;padding-right:0px;padding-bottom:20px;padding-left:0px;'><div class=\"fusion-builder-row fusion-row \"><div  class=\"fusion-layout-column fusion_builder_column fusion_builder_column_1_3  fusion-one-third fusion-column-first 1_3\"  style='margin-top:0px;margin-bottom:20px;width:30.6666%; margin-right: 4%;'>\n\t\t\t<div class=\"fusion-column-wrapper\" style=\"background-position:left top;background-repeat:no-repeat;-webkit-background-size:cover;-moz-background-size:cover;-o-background-size:cover;background-size:cover;\"  data-bg-url=\"\">\n\t\t\t\t<iframe width='1280' height='720' src='https:\/\/roundme.com\/embed\/361697\/1231900' frameborder='0' webkitallowfullscreen mozallowfullscreen allowfullscreen><\/iframe><div class=\"fusion-sep-clear\"><\/div><div class=\"fusion-separator fusion-full-width-sep sep-none\" style=\"margin-left: auto;margin-right: auto;margin-top:;margin-bottom:100px;\"><\/div><div class=\"fusion-clearfix\"><\/div>\n\n\t\t\t<\/div>\n\t\t<\/div><\/div><\/div><div  class=\"fusion-fullwidth fullwidth-box hundred-percent-fullwidth\"  style='background-color: rgba(255,255,255,0);background-position: left top;background-repeat: no-repeat;padding-top:100px;padding-right:30px;padding-left:30px;border-top-width:0px;border-bottom-width:0px;border-color:#eae9e9;border-top-style:solid;border-bottom-style:solid;'><div class=\"fusion-builder-row fusion-row \"><div  class=\"fusion-layout-column fusion_builder_column fusion_builder_column_1_4  fusion-one-fourth fusion-column-first 1_4\"  style='margin-top:0px;margin-bottom:20px;width:25%;width:calc(25% - ( ( 4% ) * 0.25 ) );margin-right: 4%;'>\n\t\t\t<div class=\"fusion-column-wrapper\" style=\"background-position:left top;background-repeat:no-repeat;-webkit-background-size:cover;-moz-background-size:cover;-o-background-size:cover;background-size:cover;\"  data-bg-url=\"\">\n\t\t\t\t<div class=\"fusion-sep-clear\"><\/div><div class=\"fusion-separator fusion-full-width-sep sep-none\" style=\"margin-left: auto;margin-right: auto;margin-top:45px;\"><\/div><div class=\"imageframe-align-center\"><span class=\"fusion-imageframe imageframe-none imageframe-1 hover-type-none fusion-animated\" data-animationType=\"fadeInLeft\" data-animationDuration=\"0.3\" data-animationOffset=\"100%\"><img loading=\"lazy\" src=\"http:\/\/wizualhome3d.pl\/wp-content\/uploads\/2017\/09\/Wizualizacja-basenu.jpg\" width=\"\" height=\"\" alt=\"\" title=\"\" class=\"img-responsive\"\/><\/span><\/div><div class=\"fusion-sep-clear\"><\/div><div class=\"fusion-separator fusion-full-width-sep sep-none\" style=\"margin-left: auto;margin-right: auto;margin-top:30px;margin-bottom:0px;\"><\/div><h3 id=\"tw-target-text\" class=\"tw-data-text tw-ta tw-text-small\" dir=\"ltr\" data-placeholder=\"T\u0142umaczenie\"><span lang=\"en\">Forms of transmission are different<\/span><\/h3>\n<h3 id=\"tw-target-text\" class=\"tw-data-text tw-ta tw-text-small\" dir=\"ltr\" data-placeholder=\"T\u0142umaczenie\"><span lang=\"en\">We tailor them to the needs we hear from customers<\/span><\/h3>\n<h3 id=\"tw-target-text\" class=\"tw-data-text tw-ta tw-text-small\" dir=\"ltr\" data-placeholder=\"T\u0142umaczenie\"><span lang=\"en\">Check out our offer, ask and get to know us and our work<\/span><\/h3>\n<div class=\"fusion-sep-clear\"><\/div><div class=\"fusion-separator fusion-full-width-sep sep-none\" style=\"margin-left: auto;margin-right: auto;margin-top:30px;margin-bottom:0px;\"><\/div><div class=\"imageframe-align-center\"><span class=\"fusion-imageframe imageframe-none imageframe-2 hover-type-none fusion-animated\" data-animationType=\"fadeInLeft\" data-animationDuration=\"0.3\" data-animationOffset=\"100%\"><img loading=\"lazy\" src=\"http:\/\/wizualhome3d.pl\/wp-content\/uploads\/2017\/09\/basen_2.jpg\" width=\"\" height=\"\" alt=\"\" title=\"\" class=\"img-responsive\"\/><\/span><\/div><div class=\"fusion-clearfix\"><\/div>\n\n\t\t\t<\/div>\n\t\t<\/div><div  class=\"fusion-layout-column fusion_builder_column fusion_builder_column_3_4  fusion-three-fourth fusion-column-last 3_4\"  style='margin-top:0px;margin-bottom:20px;width:75%;width:calc(75% - ( ( 4% ) * 0.75 ) );'>\n\t\t\t<div class=\"fusion-column-wrapper\" style=\"padding: 0px 0px 0px 0px;background-position:left top;background-repeat:no-repeat;-webkit-background-size:cover;-moz-background-size:cover;-o-background-size:cover;background-size:cover;\"  data-bg-url=\"\">\n\t\t\t\t<div id=\"twenty20-1\" class=\"twenty20\" style=\"width: 100% !important; clear: both;\"><div class=\"twentytwenty-container twenty20-1 \"><img class=\"skip-lazy\" src=\"http:\/\/wizualhome3d.pl\/wp-content\/uploads\/2017\/09\/Wizualizacja-basenu.jpg\" \/><img class=\"skip-lazy\" src=\"http:\/\/wizualhome3d.pl\/wp-content\/uploads\/2017\/09\/basen_2.jpg\" \/><\/div><script>jQuery( document ).ready(function( $ ) {$(\".twentytwenty-container.twenty20-1[data-orientation!='vertical']\").twentytwenty({default_offset_pct: 0.3});$(\".twenty20-1 .twentytwenty-overlay\").hide();$(\".twenty20-1 .twentytwenty-overlay\").hide();});<\/script><\/div>\n<div class=\"fusion-clearfix\"><\/div>\n\n\t\t\t<\/div>\n\t\t<\/div><\/div><\/div><div  class=\"fusion-fullwidth fullwidth-box hundred-percent-fullwidth\"  style='background-color: rgba(255,255,255,0);background-position: left top;background-repeat: no-repeat;padding-top:150px;padding-right:30px;padding-bottom:150px;padding-left:30px;border-top-width:0px;border-bottom-width:0px;border-color:#eae9e9;border-top-style:solid;border-bottom-style:solid;'><div class=\"fusion-builder-row fusion-row \"><div  class=\"fusion-layout-column fusion_builder_column fusion_builder_column_1_1  fusion-one-full fusion-column-last 1_1\"  style='margin-top:0px;margin-bottom:20px;'>\n\t\t\t<div class=\"fusion-column-wrapper\" style=\"background-position:left top;background-repeat:no-repeat;-webkit-background-size:cover;-moz-background-size:cover;-o-background-size:cover;background-size:cover;\"  data-bg-url=\"\">\n\t\t\t\t<h1 id=\"tw-target-text\" class=\"tw-data-text tw-ta tw-text-small\" dir=\"ltr\" style=\"text-align: center;\" data-placeholder=\"T\u0142umaczenie\"><span lang=\"en\">We work for:<\/span><\/h1>\n<div class=\"fusion-clearfix\"><\/div>\n\n\t\t\t<\/div>\n\t\t<\/div><div  data-animationType=fadeInLeft data-animationDuration=1 data-animationOffset=100% class=\"fusion-layout-column fusion_builder_column fusion_builder_column_1_3  fusion-one-third fusion-column-first fusion-animated 1_3\"  style='margin-top:0px;margin-bottom:20px;width:30.6666%; margin-right: 4%;'>\n\t\t\t<div class=\"fusion-column-wrapper\" style=\"background-position:left top;background-repeat:no-repeat;-webkit-background-size:cover;-moz-background-size:cover;-o-background-size:cover;background-size:cover;\"  data-bg-url=\"\">\n\t\t\t\t<div class=\"imageframe-align-center\"><span class=\"fusion-imageframe imageframe-none imageframe-3 hover-type-none\"><img loading=\"lazy\" src=\"http:\/\/wizualhome3d.pl\/wp-content\/uploads\/2017\/06\/Rapa-Living-architektura-wn\u0119trz-300x135.png\" width=\"\" height=\"\" alt=\"\" title=\"\" class=\"img-responsive\"\/><\/span><\/div><div class=\"fusion-clearfix\"><\/div>\n\n\t\t\t<\/div>\n\t\t<\/div><div  data-animationType=fadeInLeft data-animationDuration=1 data-animationOffset=100% class=\"fusion-layout-column fusion_builder_column fusion_builder_column_1_3  fusion-one-third fusion-animated 1_3\"  style='margin-top:0px;margin-bottom:20px;width:30.6666%; margin-right: 4%;'>\n\t\t\t<div class=\"fusion-column-wrapper\" style=\"background-position:left top;background-repeat:no-repeat;-webkit-background-size:cover;-moz-background-size:cover;-o-background-size:cover;background-size:cover;\"  data-bg-url=\"\">\n\t\t\t\t<div class=\"imageframe-align-center\"><span class=\"fusion-imageframe imageframe-none imageframe-4 hover-type-none\"><img loading=\"lazy\" src=\"http:\/\/wizualhome3d.pl\/wp-content\/uploads\/2017\/06\/3D-avenue-150x150.png\" width=\"\" height=\"\" alt=\"\" title=\"\" class=\"img-responsive\"\/><\/span><\/div><div class=\"fusion-clearfix\"><\/div>\n\n\t\t\t<\/div>\n\t\t<\/div><div  data-animationType=fadeInLeft data-animationDuration=1 data-animationOffset=100% class=\"fusion-layout-column fusion_builder_column fusion_builder_column_1_3  fusion-one-third fusion-column-last fusion-animated 1_3\"  style='margin-top:0px;margin-bottom:20px;width:30.6666%'>\n\t\t\t<div class=\"fusion-column-wrapper\" style=\"background-position:left top;background-repeat:no-repeat;-webkit-background-size:cover;-moz-background-size:cover;-o-background-size:cover;background-size:cover;\"  data-bg-url=\"\">\n\t\t\t\t<div class=\"imageframe-align-center\"><span class=\"fusion-imageframe imageframe-none imageframe-5 hover-type-none\"><img loading=\"lazy\" src=\"http:\/\/wizualhome3d.pl\/wp-content\/uploads\/2017\/06\/Mirgano-Deweloper-300x71.png\" width=\"\" height=\"\" alt=\"\" title=\"\" class=\"img-responsive\"\/><\/span><\/div><div class=\"fusion-clearfix\"><\/div>\n\n\t\t\t<\/div>\n\t\t<\/div><div  data-animationType=fadeInLeft data-animationDuration=1 data-animationOffset=100% class=\"fusion-layout-column fusion_builder_column fusion_builder_column_1_3  fusion-one-third fusion-column-first fusion-animated 1_3\"  style='margin-top:0px;margin-bottom:20px;width:30.6666%; margin-right: 4%;'>\n\t\t\t<div class=\"fusion-column-wrapper\" style=\"background-position:left top;background-repeat:no-repeat;-webkit-background-size:cover;-moz-background-size:cover;-o-background-size:cover;background-size:cover;\"  data-bg-url=\"\">\n\t\t\t\t<div class=\"fusion-clearfix\"><\/div>\n\n\t\t\t<\/div>\n\t\t<\/div><div  class=\"fusion-layout-column fusion_builder_column fusion_builder_column_1_3  fusion-one-third 1_3\"  style='margin-top:0px;margin-bottom:20px;width:30.6666%; margin-right: 4%;'>\n\t\t\t<div class=\"fusion-column-wrapper\" style=\"background-position:left top;background-repeat:no-repeat;-webkit-background-size:cover;-moz-background-size:cover;-o-background-size:cover;background-size:cover;\"  data-bg-url=\"\">\n\t\t\t\t<div class=\"fusion-clearfix\"><\/div>\n\n\t\t\t<\/div>\n\t\t<\/div><div  class=\"fusion-layout-column fusion_builder_column fusion_builder_column_1_3  fusion-one-third fusion-column-last 1_3\"  style='margin-top:0px;margin-bottom:20px;width:30.6666%'>\n\t\t\t<div class=\"fusion-column-wrapper\" style=\"background-position:left top;background-repeat:no-repeat;-webkit-background-size:cover;-moz-background-size:cover;-o-background-size:cover;background-size:cover;\"  data-bg-url=\"\">\n\t\t\t\t<h4><span style=\"color: #000000;\">Bart\u0142omiej W\u0119grzyn<\/span><\/h4>\n<span class=\"fusion-imageframe imageframe-none imageframe-6 hover-type-none\"><img loading=\"lazy\" src=\"http:\/\/wizualhome3d.pl\/wp-content\/uploads\/2015\/02\/podpis-1-e1497876312801.png\" width=\"\" height=\"\" alt=\"wizualizacje\" title=\"\" class=\"img-responsive\"\/><\/span><div class=\"fusion-clearfix\"><\/div>\n\n\t\t\t<\/div>\n\t\t<\/div><\/div><\/div><\/p>\n","protected":false},"excerpt":{"rendered":"","protected":false},"author":2,"featured_media":0,"parent":0,"menu_order":0,"comment_status":"closed","ping_status":"closed","template":"100-width.php","meta":{"_mi_skip_tracking":false},"yoast_head":"<!-- This site is optimized with the Yoast SEO plugin v19.0 - https:\/\/yoast.com\/wordpress\/plugins\/seo\/ -->\n<title>Visualization lab - WizualHome3D - Photorealistic with passion<\/title>\n<meta name=\"description\" content=\"Design and implementation of photorealistic visualization of interiors, architecture, products. We invite you to get acquainted with our technology\" \/>\n<meta name=\"robots\" content=\"index, follow, max-snippet:-1, max-image-preview:large, max-video-preview:-1\" \/>\n<link rel=\"canonical\" href=\"http:\/\/wizualhome3d.pl\/index.php\/en\/visualization-lab\/\" \/>\n<meta property=\"og:locale\" content=\"pl_PL\" \/>\n<meta property=\"og:type\" content=\"article\" \/>\n<meta property=\"og:title\" content=\"Visualization lab - WizualHome3D - Photorealistic with passion\" \/>\n<meta property=\"og:description\" content=\"Design and implementation of photorealistic visualization of interiors, architecture, products. We invite you to get acquainted with our technology\" \/>\n<meta property=\"og:url\" content=\"http:\/\/wizualhome3d.pl\/index.php\/en\/visualization-lab\/\" \/>\n<meta property=\"og:site_name\" content=\"WizualHome3D - Pracownia wizualizacji komputerowej\" \/>\n<meta property=\"article:publisher\" content=\"https:\/\/www.facebook.com\/wizualhome3d\/\" \/>\n<meta property=\"article:modified_time\" content=\"2019-03-11T11:10:31+00:00\" \/>\n<meta property=\"og:image\" content=\"http:\/\/wizualhome3d.pl\/wp-content\/uploads\/2015\/02\/podpis-1-e1497876312801.png\" \/>\n<meta name=\"twitter:card\" content=\"summary\" \/>\n<meta name=\"twitter:label1\" content=\"Szacowany czas czytania\" \/>\n\t<meta name=\"twitter:data1\" content=\"10 minut\" \/>\n<script type=\"application\/ld+json\" class=\"yoast-schema-graph\">{\"@context\":\"https:\/\/schema.org\",\"@graph\":[{\"@type\":\"WebSite\",\"@id\":\"http:\/\/wizualhome3d.pl\/#website\",\"url\":\"http:\/\/wizualhome3d.pl\/\",\"name\":\"WizualHome3D - Pracownia wizualizacji komputerowej\",\"description\":\"Wykonywanie wizualizacji 3D wn\u0119trz, architektury, produkt\u00f3w, modelowanie obiekt\u00f3w 3d\",\"potentialAction\":[{\"@type\":\"SearchAction\",\"target\":{\"@type\":\"EntryPoint\",\"urlTemplate\":\"http:\/\/wizualhome3d.pl\/?s={search_term_string}\"},\"query-input\":\"required name=search_term_string\"}],\"inLanguage\":\"pl-PL\"},{\"@type\":\"ImageObject\",\"inLanguage\":\"pl-PL\",\"@id\":\"http:\/\/wizualhome3d.pl\/index.php\/en\/visualization-lab\/#primaryimage\",\"url\":\"http:\/\/wizualhome3d.pl\/wp-content\/uploads\/2015\/02\/podpis-1-e1497876312801.png\",\"contentUrl\":\"http:\/\/wizualhome3d.pl\/wp-content\/uploads\/2015\/02\/podpis-1-e1497876312801.png\",\"width\":250,\"height\":70,\"caption\":\"Projektant wn\u0119trz Cz\u0119stochowa\"},{\"@type\":\"WebPage\",\"@id\":\"http:\/\/wizualhome3d.pl\/index.php\/en\/visualization-lab\/#webpage\",\"url\":\"http:\/\/wizualhome3d.pl\/index.php\/en\/visualization-lab\/\",\"name\":\"Visualization lab - WizualHome3D - Photorealistic with passion\",\"isPartOf\":{\"@id\":\"http:\/\/wizualhome3d.pl\/#website\"},\"primaryImageOfPage\":{\"@id\":\"http:\/\/wizualhome3d.pl\/index.php\/en\/visualization-lab\/#primaryimage\"},\"datePublished\":\"2017-06-28T11:36:41+00:00\",\"dateModified\":\"2019-03-11T11:10:31+00:00\",\"description\":\"Design and implementation of photorealistic visualization of interiors, architecture, products. We invite you to get acquainted with our technology\",\"breadcrumb\":{\"@id\":\"http:\/\/wizualhome3d.pl\/index.php\/en\/visualization-lab\/#breadcrumb\"},\"inLanguage\":\"pl-PL\",\"potentialAction\":[{\"@type\":\"ReadAction\",\"target\":[\"http:\/\/wizualhome3d.pl\/index.php\/en\/visualization-lab\/\"]}]},{\"@type\":\"BreadcrumbList\",\"@id\":\"http:\/\/wizualhome3d.pl\/index.php\/en\/visualization-lab\/#breadcrumb\",\"itemListElement\":[{\"@type\":\"ListItem\",\"position\":1,\"name\":\"Strona g\u0142\u00f3wna\",\"item\":\"http:\/\/wizualhome3d.pl\/\"},{\"@type\":\"ListItem\",\"position\":2,\"name\":\"Visualization lab\"}]}]}<\/script>\n<!-- \/ Yoast SEO plugin. -->","yoast_head_json":{"title":"Visualization lab - WizualHome3D - Photorealistic with passion","description":"Design and implementation of photorealistic visualization of interiors, architecture, products. We invite you to get acquainted with our technology","robots":{"index":"index","follow":"follow","max-snippet":"max-snippet:-1","max-image-preview":"max-image-preview:large","max-video-preview":"max-video-preview:-1"},"canonical":"http:\/\/wizualhome3d.pl\/index.php\/en\/visualization-lab\/","og_locale":"pl_PL","og_type":"article","og_title":"Visualization lab - WizualHome3D - Photorealistic with passion","og_description":"Design and implementation of photorealistic visualization of interiors, architecture, products. We invite you to get acquainted with our technology","og_url":"http:\/\/wizualhome3d.pl\/index.php\/en\/visualization-lab\/","og_site_name":"WizualHome3D - Pracownia wizualizacji komputerowej","article_publisher":"https:\/\/www.facebook.com\/wizualhome3d\/","article_modified_time":"2019-03-11T11:10:31+00:00","og_image":[{"url":"http:\/\/wizualhome3d.pl\/wp-content\/uploads\/2015\/02\/podpis-1-e1497876312801.png"}],"twitter_card":"summary","twitter_misc":{"Szacowany czas czytania":"10 minut"},"schema":{"@context":"https:\/\/schema.org","@graph":[{"@type":"WebSite","@id":"http:\/\/wizualhome3d.pl\/#website","url":"http:\/\/wizualhome3d.pl\/","name":"WizualHome3D - Pracownia wizualizacji komputerowej","description":"Wykonywanie wizualizacji 3D wn\u0119trz, architektury, produkt\u00f3w, modelowanie obiekt\u00f3w 3d","potentialAction":[{"@type":"SearchAction","target":{"@type":"EntryPoint","urlTemplate":"http:\/\/wizualhome3d.pl\/?s={search_term_string}"},"query-input":"required name=search_term_string"}],"inLanguage":"pl-PL"},{"@type":"ImageObject","inLanguage":"pl-PL","@id":"http:\/\/wizualhome3d.pl\/index.php\/en\/visualization-lab\/#primaryimage","url":"http:\/\/wizualhome3d.pl\/wp-content\/uploads\/2015\/02\/podpis-1-e1497876312801.png","contentUrl":"http:\/\/wizualhome3d.pl\/wp-content\/uploads\/2015\/02\/podpis-1-e1497876312801.png","width":250,"height":70,"caption":"Projektant wn\u0119trz Cz\u0119stochowa"},{"@type":"WebPage","@id":"http:\/\/wizualhome3d.pl\/index.php\/en\/visualization-lab\/#webpage","url":"http:\/\/wizualhome3d.pl\/index.php\/en\/visualization-lab\/","name":"Visualization lab - WizualHome3D - Photorealistic with passion","isPartOf":{"@id":"http:\/\/wizualhome3d.pl\/#website"},"primaryImageOfPage":{"@id":"http:\/\/wizualhome3d.pl\/index.php\/en\/visualization-lab\/#primaryimage"},"datePublished":"2017-06-28T11:36:41+00:00","dateModified":"2019-03-11T11:10:31+00:00","description":"Design and implementation of photorealistic visualization of interiors, architecture, products. We invite you to get acquainted with our technology","breadcrumb":{"@id":"http:\/\/wizualhome3d.pl\/index.php\/en\/visualization-lab\/#breadcrumb"},"inLanguage":"pl-PL","potentialAction":[{"@type":"ReadAction","target":["http:\/\/wizualhome3d.pl\/index.php\/en\/visualization-lab\/"]}]},{"@type":"BreadcrumbList","@id":"http:\/\/wizualhome3d.pl\/index.php\/en\/visualization-lab\/#breadcrumb","itemListElement":[{"@type":"ListItem","position":1,"name":"Strona g\u0142\u00f3wna","item":"http:\/\/wizualhome3d.pl\/"},{"@type":"ListItem","position":2,"name":"Visualization lab"}]}]}},"_links":{"self":[{"href":"http:\/\/wizualhome3d.pl\/index.php\/wp-json\/wp\/v2\/pages\/2070"}],"collection":[{"href":"http:\/\/wizualhome3d.pl\/index.php\/wp-json\/wp\/v2\/pages"}],"about":[{"href":"http:\/\/wizualhome3d.pl\/index.php\/wp-json\/wp\/v2\/types\/page"}],"author":[{"embeddable":true,"href":"http:\/\/wizualhome3d.pl\/index.php\/wp-json\/wp\/v2\/users\/2"}],"replies":[{"embeddable":true,"href":"http:\/\/wizualhome3d.pl\/index.php\/wp-json\/wp\/v2\/comments?post=2070"}],"version-history":[{"count":9,"href":"http:\/\/wizualhome3d.pl\/index.php\/wp-json\/wp\/v2\/pages\/2070\/revisions"}],"predecessor-version":[{"id":2272,"href":"http:\/\/wizualhome3d.pl\/index.php\/wp-json\/wp\/v2\/pages\/2070\/revisions\/2272"}],"wp:attachment":[{"href":"http:\/\/wizualhome3d.pl\/index.php\/wp-json\/wp\/v2\/media?parent=2070"}],"curies":[{"name":"wp","href":"https:\/\/api.w.org\/{rel}","templated":true}]}}