{"id":2075,"date":"2017-06-28T13:58:26","date_gmt":"2017-06-28T11:58:26","guid":{"rendered":"http:\/\/wizualhome3d.pl\/?page_id=2075"},"modified":"2017-07-26T12:08:11","modified_gmt":"2017-07-26T10:08:11","slug":"offer","status":"publish","type":"page","link":"http:\/\/wizualhome3d.pl\/index.php\/en\/offer\/","title":{"rendered":"Offer"},"content":{"rendered":"<p><div  class=\"fusion-fullwidth fullwidth-box nonhundred-percent-fullwidth\"  style='background-color: #efefef;background-position: left top;background-repeat: no-repeat;padding-top:100px;padding-right:0px;padding-bottom:30px;padding-left:0px;border-top-width:0px;border-bottom-width:0px;border-color:#eae9e9;border-top-style:solid;border-bottom-style:solid;'><div class=\"fusion-builder-row fusion-row \"><div  class=\"fusion-layout-column fusion_builder_column fusion_builder_column_1_2  fusion-one-half fusion-column-first 1_2\"  style='margin-top:0px;margin-bottom:20px;width:48%; margin-right: 4%;'>\n\t\t\t<div class=\"fusion-column-wrapper\" style=\"background-position:left top;background-repeat:no-repeat;-webkit-background-size:cover;-moz-background-size:cover;-o-background-size:cover;background-size:cover;\"  data-bg-url=\"\">\n\t\t\t\t<h1 style=\"text-align: center;\">WizualHome3D<\/h1>\n<h2 style=\"text-align: right;\"><span style=\"color: #3366ff;\">visualization with passion<\/span><\/h2>\n<h2 id=\"tw-target-text\" class=\"tw-data-text tw-ta tw-text-small\" dir=\"ltr\" data-placeholder=\"T\u0142umaczenie\"><span lang=\"en\">Our studio specializes in high quality visualization of interior, architecture and products. We also produce 3D models for architects, interior designers and individuals who need to present their product in visualization or animation.<\/span><\/h2>\n<h2 id=\"tw-target-text\" class=\"tw-data-text tw-ta tw-text-small\" dir=\"ltr\" data-placeholder=\"T\u0142umaczenie\"><span lang=\"en\">Visualization has a big impact on advertising. Thanks to it, you can gain interest, delight potential customers.<\/span><\/h2>\n<h2 id=\"tw-target-text\" class=\"tw-data-text tw-ta tw-text-small\" dir=\"ltr\" data-placeholder=\"T\u0142umaczenie\"><span lang=\"en\">We direct our offer to companies or individuals who wish to present or to convince themselves how the interior, architectural or product design will look.<\/span><\/h2>\n<h2 id=\"tw-target-text\" class=\"tw-data-text tw-ta tw-text-small\" dir=\"ltr\" data-placeholder=\"T\u0142umaczenie\"><span lang=\"en\">Through our work and passion with which we perform the tasks entrusted to us and the capabilities of the latest 3D graphics technology, we present our plans according to your needs:<\/span><\/h2>\n<div class=\"fusion-sep-clear\"><\/div><div class=\"fusion-separator sep-none\" style=\"margin-top:0px;margin-bottom:35px;width:100%;max-width:170px;\"><\/div><div class=\"fusion-clearfix\"><\/div>\n\n\t\t\t<\/div>\n\t\t<\/div><div  class=\"fusion-layout-column fusion_builder_column fusion_builder_column_1_2  fusion-one-half fusion-column-last 1_2\"  style='margin-top:0px;margin-bottom:20px;width:48%'>\n\t\t\t<div class=\"fusion-column-wrapper\" style=\"background-position:left top;background-repeat:no-repeat;-webkit-background-size:cover;-moz-background-size:cover;-o-background-size:cover;background-size:cover;\"  data-bg-url=\"\">\n\t\t\t\t<div class=\"fusion-sep-clear\"><\/div><div class=\"fusion-separator sep-none\" style=\"margin-top:0px;margin-bottom:100px;width:100%;max-width:170px;\"><\/div><span class=\"fusion-imageframe imageframe-none imageframe-1 hover-type-zoomin\"><img loading=\"lazy\" src=\"http:\/\/wizualhome3d.pl\/wp-content\/uploads\/2017\/06\/Smolscy_kuchnia_1.png\" width=\"\" height=\"\" alt=\"\" title=\"\" class=\"img-responsive\"\/><\/span><div class=\"fusion-clearfix\"><\/div>\n\n\t\t\t<\/div>\n\t\t<\/div><div  data-animationType=fadeInLeft data-animationDuration=1 data-animationOffset=50% class=\"fusion-layout-column fusion_builder_column fusion_builder_column_1_5  fusion-one-fifth fusion-column-first fusion-animated 1_5\"  style='margin-top:0px;margin-bottom:20px;width:16.8%; margin-right: 4%;'>\n\t\t\t<div class=\"fusion-column-wrapper\" style=\"background-position:left top;background-repeat:no-repeat;-webkit-background-size:cover;-moz-background-size:cover;-o-background-size:cover;background-size:cover;\"  data-bg-url=\"\">\n\t\t\t\t<h3>Interior visualization<\/h3>\n<p>&nbsp;<\/p>\n<div class=\"fusion-clearfix\"><\/div>\n\n\t\t\t<\/div>\n\t\t<\/div><div  data-animationType=fadeInLeft data-animationDuration=1 data-animationOffset=50% class=\"fusion-layout-column fusion_builder_column fusion_builder_column_1_5  fusion-one-fifth fusion-animated 1_5\"  style='margin-top:0px;margin-bottom:20px;width:16.8%; margin-right: 4%;'>\n\t\t\t<div class=\"fusion-column-wrapper\" style=\"background-position:left top;background-repeat:no-repeat;-webkit-background-size:cover;-moz-background-size:cover;-o-background-size:cover;background-size:cover;\"  data-bg-url=\"\">\n\t\t\t\t<h3>Architectural visualizations<\/h3>\n<p>&nbsp;<\/p>\n<div class=\"fusion-clearfix\"><\/div>\n\n\t\t\t<\/div>\n\t\t<\/div><div  data-animationType=fadeInUp data-animationDuration=1 data-animationOffset=50% class=\"fusion-layout-column fusion_builder_column fusion_builder_column_1_5  fusion-one-fifth fusion-animated 1_5\"  style='margin-top:0px;margin-bottom:20px;width:16.8%; margin-right: 4%;'>\n\t\t\t<div class=\"fusion-column-wrapper\" style=\"background-position:left top;background-repeat:no-repeat;-webkit-background-size:cover;-moz-background-size:cover;-o-background-size:cover;background-size:cover;\"  data-bg-url=\"\">\n\t\t\t\t<h3>Product visualization<\/h3>\n<p>&nbsp;<\/p>\n<div class=\"fusion-clearfix\"><\/div>\n\n\t\t\t<\/div>\n\t\t<\/div><div  data-animationType=fadeInRight data-animationDuration=1 data-animationOffset=50% class=\"fusion-layout-column fusion_builder_column fusion_builder_column_1_5  fusion-one-fifth fusion-animated 1_5\"  style='margin-top:0px;margin-bottom:20px;width:16.8%; margin-right: 4%;'>\n\t\t\t<div class=\"fusion-column-wrapper\" style=\"background-position:left top;background-repeat:no-repeat;-webkit-background-size:cover;-moz-background-size:cover;-o-background-size:cover;background-size:cover;\"  data-bg-url=\"\">\n\t\t\t\t<h3>Panoramas 360<\/h3>\n<p>&nbsp;<\/p>\n<div class=\"fusion-clearfix\"><\/div>\n\n\t\t\t<\/div>\n\t\t<\/div><div  data-animationType=fadeInRight data-animationDuration=1 data-animationOffset=50% class=\"fusion-layout-column fusion_builder_column fusion_builder_column_1_5  fusion-one-fifth fusion-column-last fusion-animated 1_5\"  style='margin-top:0px;margin-bottom:20px;width:16.8%'>\n\t\t\t<div class=\"fusion-column-wrapper\" style=\"background-position:left top;background-repeat:no-repeat;-webkit-background-size:cover;-moz-background-size:cover;-o-background-size:cover;background-size:cover;\"  data-bg-url=\"\">\n\t\t\t\t<h3>3D model<\/h3>\n<p>&nbsp;<\/p>\n<div class=\"fusion-clearfix\"><\/div>\n\n\t\t\t<\/div>\n\t\t<\/div><\/div><\/div><div  class=\"fusion-fullwidth fullwidth-box fusion-parallax-fixed nonhundred-percent-fullwidth\"  style='background-color: rgba(255,255,255,0);background-image: url(\"http:\/\/wizualhome3d.pl\/wp-content\/uploads\/2015\/05\/st-lucia.jpg\");background-position: left top;background-repeat: no-repeat;padding-top:150px;padding-right:0px;padding-bottom:150px;padding-left:0px;border-top-width:0px;border-bottom-width:0px;border-color:#eae9e9;border-top-style:solid;border-bottom-style:solid;-webkit-background-size:cover;-moz-background-size:cover;-o-background-size:cover;background-size:cover;background-attachment:fixed;'><div class=\"fusion-builder-row fusion-row \"><div  class=\"fusion-layout-column fusion_builder_column fusion_builder_column_1_1  fusion-one-full fusion-column-first fusion-column-last fusion-column-no-min-height 1_1\"  style='margin-top:0px;margin-bottom:0px;'>\n\t\t\t<div class=\"fusion-column-wrapper\" style=\"background-position:left top;background-repeat:no-repeat;-webkit-background-size:cover;-moz-background-size:cover;-o-background-size:cover;background-size:cover;\"  data-bg-url=\"\">\n\t\t\t\t<h2 style=\"text-align: center;\"><span style=\"color: #ffffff;\">OUR PASSION<\/span><\/h2>\n<h2 id=\"tw-target-text\" class=\"tw-data-text tw-ta tw-text-medium\" dir=\"ltr\" style=\"text-align: center;\" data-placeholder=\"T\u0142umaczenie\"><span lang=\"en\" style=\"color: #ffffff;\">YOUR INTERIOR DREAM, HOUSE<\/span><\/h2>\n<h3><span style=\"color: #000000;\">\u00a0<\/span><\/h3>\n<p><span style=\"color: #000000;\">\u00a0<\/span><\/p>\n<div class=\"fusion-sep-clear\"><\/div><div class=\"fusion-separator fusion-full-width-sep sep-none\" style=\"margin-left: auto;margin-right: auto;margin-top:60px;\"><\/div><p id=\"tw-target-text\" class=\"tw-data-text tw-ta tw-text-small\" dir=\"ltr\" style=\"text-align: right;\" data-placeholder=\"T\u0142umaczenie\"><span lang=\"en\" style=\"color: #ffffff;\">INTERIOR SPACE BECOMES<\/span><\/p>\n<p class=\"tw-data-text tw-ta tw-text-small\" dir=\"ltr\" style=\"text-align: right;\" data-placeholder=\"T\u0142umaczenie\"><span lang=\"en\" style=\"color: #ffffff;\">REALITY OF BUILDING <\/span><\/p>\n<p class=\"tw-data-text tw-ta tw-text-small\" dir=\"ltr\" style=\"text-align: right;\" data-placeholder=\"T\u0142umaczenie\"><span lang=\"en\" style=\"color: #ffffff;\">FRANK LLOYD WRIGHT<\/span><\/p>\n<div class=\"fusion-clearfix\"><\/div>\n\n\t\t\t<\/div>\n\t\t<\/div><\/div><\/div><div  class=\"fusion-fullwidth fullwidth-box nonhundred-percent-fullwidth\"  style='background-color: rgba(255,255,255,0);background-position: left top;background-repeat: no-repeat;padding-top:20px;padding-right:0px;padding-bottom:20px;padding-left:0px;border-top-width:0px;border-bottom-width:0px;border-color:#eae9e9;border-top-style:solid;border-bottom-style:solid;'><div class=\"fusion-builder-row fusion-row \"><div  class=\"fusion-layout-column fusion_builder_column fusion_builder_column_1_1  fusion-one-full fusion-column-first fusion-column-last fusion-column-no-min-height 1_1\"  style='margin-top:0px;margin-bottom:0px;'>\n\t\t\t<div class=\"fusion-column-wrapper\" style=\"background-position:left top;background-repeat:no-repeat;-webkit-background-size:cover;-moz-background-size:cover;-o-background-size:cover;background-size:cover;\"  data-bg-url=\"\">\n\t\t\t\t<h1 style=\"text-align: center;\"><\/h1>\n<h2 id=\"tw-target-text\" class=\"tw-data-text tw-ta tw-text-small\" dir=\"ltr\" data-placeholder=\"T\u0142umaczenie\"><span lang=\"en\">Our experience in working with architects who demanded a professional approach from us has put us in a position to work on the best software in the field of realistic visualization. Of course, we are aware of individual needs and we try to meet every requirement because we are driven by passion for what we do.<\/span><\/h2>\n<h2><\/h2>\n<p>&nbsp;<\/p>\n<div class=\"fusion-clearfix\"><\/div>\n\n\t\t\t<\/div>\n\t\t<\/div><\/div><\/div><\/p>\n","protected":false},"excerpt":{"rendered":"","protected":false},"author":2,"featured_media":0,"parent":0,"menu_order":0,"comment_status":"closed","ping_status":"open","template":"100-width.php","meta":{"_mi_skip_tracking":false},"yoast_head":"<!-- This site is optimized with the Yoast SEO plugin v19.0 - https:\/\/yoast.com\/wordpress\/plugins\/seo\/ -->\n<title>Offer - WizualHome3D - interior, architecture, products, 3D model<\/title>\n<meta name=\"description\" content=\"WizualHome3D offer - visualizations of interiors, architecture, porducts, 3D models, 360 panoramas\" \/>\n<meta name=\"robots\" content=\"index, follow, max-snippet:-1, max-image-preview:large, max-video-preview:-1\" \/>\n<link rel=\"canonical\" href=\"http:\/\/wizualhome3d.pl\/index.php\/en\/offer\/\" \/>\n<meta property=\"og:locale\" content=\"pl_PL\" \/>\n<meta property=\"og:type\" content=\"article\" \/>\n<meta property=\"og:title\" content=\"Offer - WizualHome3D - interior, architecture, products, 3D model\" \/>\n<meta property=\"og:description\" content=\"WizualHome3D offer - visualizations of interiors, architecture, porducts, 3D models, 360 panoramas\" \/>\n<meta property=\"og:url\" content=\"http:\/\/wizualhome3d.pl\/index.php\/en\/offer\/\" \/>\n<meta property=\"og:site_name\" content=\"WizualHome3D - Pracownia wizualizacji komputerowej\" \/>\n<meta property=\"article:publisher\" content=\"https:\/\/www.facebook.com\/wizualhome3d\/\" \/>\n<meta property=\"article:modified_time\" content=\"2017-07-26T10:08:11+00:00\" \/>\n<meta name=\"twitter:card\" content=\"summary\" \/>\n<meta name=\"twitter:label1\" content=\"Szacowany czas czytania\" \/>\n\t<meta name=\"twitter:data1\" content=\"5 minut\" \/>\n<script type=\"application\/ld+json\" class=\"yoast-schema-graph\">{\"@context\":\"https:\/\/schema.org\",\"@graph\":[{\"@type\":\"WebSite\",\"@id\":\"http:\/\/wizualhome3d.pl\/#website\",\"url\":\"http:\/\/wizualhome3d.pl\/\",\"name\":\"WizualHome3D - Pracownia wizualizacji komputerowej\",\"description\":\"Wykonywanie wizualizacji 3D wn\u0119trz, architektury, produkt\u00f3w, modelowanie obiekt\u00f3w 3d\",\"potentialAction\":[{\"@type\":\"SearchAction\",\"target\":{\"@type\":\"EntryPoint\",\"urlTemplate\":\"http:\/\/wizualhome3d.pl\/?s={search_term_string}\"},\"query-input\":\"required name=search_term_string\"}],\"inLanguage\":\"pl-PL\"},{\"@type\":\"WebPage\",\"@id\":\"http:\/\/wizualhome3d.pl\/index.php\/en\/offer\/#webpage\",\"url\":\"http:\/\/wizualhome3d.pl\/index.php\/en\/offer\/\",\"name\":\"Offer - WizualHome3D - interior, architecture, products, 3D model\",\"isPartOf\":{\"@id\":\"http:\/\/wizualhome3d.pl\/#website\"},\"datePublished\":\"2017-06-28T11:58:26+00:00\",\"dateModified\":\"2017-07-26T10:08:11+00:00\",\"description\":\"WizualHome3D offer - visualizations of interiors, architecture, porducts, 3D models, 360 panoramas\",\"breadcrumb\":{\"@id\":\"http:\/\/wizualhome3d.pl\/index.php\/en\/offer\/#breadcrumb\"},\"inLanguage\":\"pl-PL\",\"potentialAction\":[{\"@type\":\"ReadAction\",\"target\":[\"http:\/\/wizualhome3d.pl\/index.php\/en\/offer\/\"]}]},{\"@type\":\"BreadcrumbList\",\"@id\":\"http:\/\/wizualhome3d.pl\/index.php\/en\/offer\/#breadcrumb\",\"itemListElement\":[{\"@type\":\"ListItem\",\"position\":1,\"name\":\"Strona g\u0142\u00f3wna\",\"item\":\"http:\/\/wizualhome3d.pl\/\"},{\"@type\":\"ListItem\",\"position\":2,\"name\":\"Offer\"}]}]}<\/script>\n<!-- \/ Yoast SEO plugin. -->","yoast_head_json":{"title":"Offer - WizualHome3D - interior, architecture, products, 3D model","description":"WizualHome3D offer - visualizations of interiors, architecture, porducts, 3D models, 360 panoramas","robots":{"index":"index","follow":"follow","max-snippet":"max-snippet:-1","max-image-preview":"max-image-preview:large","max-video-preview":"max-video-preview:-1"},"canonical":"http:\/\/wizualhome3d.pl\/index.php\/en\/offer\/","og_locale":"pl_PL","og_type":"article","og_title":"Offer - WizualHome3D - interior, architecture, products, 3D model","og_description":"WizualHome3D offer - visualizations of interiors, architecture, porducts, 3D models, 360 panoramas","og_url":"http:\/\/wizualhome3d.pl\/index.php\/en\/offer\/","og_site_name":"WizualHome3D - Pracownia wizualizacji komputerowej","article_publisher":"https:\/\/www.facebook.com\/wizualhome3d\/","article_modified_time":"2017-07-26T10:08:11+00:00","twitter_card":"summary","twitter_misc":{"Szacowany czas czytania":"5 minut"},"schema":{"@context":"https:\/\/schema.org","@graph":[{"@type":"WebSite","@id":"http:\/\/wizualhome3d.pl\/#website","url":"http:\/\/wizualhome3d.pl\/","name":"WizualHome3D - Pracownia wizualizacji komputerowej","description":"Wykonywanie wizualizacji 3D wn\u0119trz, architektury, produkt\u00f3w, modelowanie obiekt\u00f3w 3d","potentialAction":[{"@type":"SearchAction","target":{"@type":"EntryPoint","urlTemplate":"http:\/\/wizualhome3d.pl\/?s={search_term_string}"},"query-input":"required name=search_term_string"}],"inLanguage":"pl-PL"},{"@type":"WebPage","@id":"http:\/\/wizualhome3d.pl\/index.php\/en\/offer\/#webpage","url":"http:\/\/wizualhome3d.pl\/index.php\/en\/offer\/","name":"Offer - WizualHome3D - interior, architecture, products, 3D model","isPartOf":{"@id":"http:\/\/wizualhome3d.pl\/#website"},"datePublished":"2017-06-28T11:58:26+00:00","dateModified":"2017-07-26T10:08:11+00:00","description":"WizualHome3D offer - visualizations of interiors, architecture, porducts, 3D models, 360 panoramas","breadcrumb":{"@id":"http:\/\/wizualhome3d.pl\/index.php\/en\/offer\/#breadcrumb"},"inLanguage":"pl-PL","potentialAction":[{"@type":"ReadAction","target":["http:\/\/wizualhome3d.pl\/index.php\/en\/offer\/"]}]},{"@type":"BreadcrumbList","@id":"http:\/\/wizualhome3d.pl\/index.php\/en\/offer\/#breadcrumb","itemListElement":[{"@type":"ListItem","position":1,"name":"Strona g\u0142\u00f3wna","item":"http:\/\/wizualhome3d.pl\/"},{"@type":"ListItem","position":2,"name":"Offer"}]}]}},"_links":{"self":[{"href":"http:\/\/wizualhome3d.pl\/index.php\/wp-json\/wp\/v2\/pages\/2075"}],"collection":[{"href":"http:\/\/wizualhome3d.pl\/index.php\/wp-json\/wp\/v2\/pages"}],"about":[{"href":"http:\/\/wizualhome3d.pl\/index.php\/wp-json\/wp\/v2\/types\/page"}],"author":[{"embeddable":true,"href":"http:\/\/wizualhome3d.pl\/index.php\/wp-json\/wp\/v2\/users\/2"}],"replies":[{"embeddable":true,"href":"http:\/\/wizualhome3d.pl\/index.php\/wp-json\/wp\/v2\/comments?post=2075"}],"version-history":[{"count":6,"href":"http:\/\/wizualhome3d.pl\/index.php\/wp-json\/wp\/v2\/pages\/2075\/revisions"}],"predecessor-version":[{"id":2121,"href":"http:\/\/wizualhome3d.pl\/index.php\/wp-json\/wp\/v2\/pages\/2075\/revisions\/2121"}],"wp:attachment":[{"href":"http:\/\/wizualhome3d.pl\/index.php\/wp-json\/wp\/v2\/media?parent=2075"}],"curies":[{"name":"wp","href":"https:\/\/api.w.org\/{rel}","templated":true}]}}