{"id":2096,"date":"2017-06-28T16:26:14","date_gmt":"2017-06-28T14:26:14","guid":{"rendered":"http:\/\/wizualhome3d.pl\/?page_id=2096"},"modified":"2017-11-27T17:17:15","modified_gmt":"2017-11-27T16:17:15","slug":"3d-model","status":"publish","type":"page","link":"http:\/\/wizualhome3d.pl\/index.php\/en\/3d-model\/","title":{"rendered":"3D Model"},"content":{"rendered":"<p><div  class=\"fusion-fullwidth fullwidth-box hundred-percent-fullwidth\"  style='background-color: #efefef;background-position: left top;background-repeat: no-repeat;padding-top:20px;padding-right:30px;padding-bottom:20px;padding-left:30px;border-top-width:0px;border-bottom-width:0px;border-color:#eae9e9;border-top-style:solid;border-bottom-style:solid;'><div class=\"fusion-builder-row fusion-row \"><div  class=\"fusion-layout-column fusion_builder_column fusion_builder_column_1_2  fusion-one-half fusion-column-first 1_2\"  style='margin-top:0px;margin-bottom:20px;width:48%; margin-right: 4%;'>\n\t\t\t<div class=\"fusion-column-wrapper\" style=\"background-position:left top;background-repeat:no-repeat;-webkit-background-size:cover;-moz-background-size:cover;-o-background-size:cover;background-size:cover;\"  data-bg-url=\"\">\n\t\t\t\t<h2><\/h2>\n<h2><\/h2>\n<h2><\/h2>\n<p>&nbsp;<\/p>\n<p>&nbsp;<\/p>\n<p>&nbsp;<\/p>\n<h2 style=\"text-align: center;\"><\/h2>\n<h2 id=\"tw-target-text\" class=\"tw-data-text tw-ta tw-text-medium\" dir=\"ltr\" style=\"text-align: center;\" data-placeholder=\"T\u0142umaczenie\"><span lang=\"en\">Modeling 3D objects<\/span><\/h2>\n<h3 id=\"tw-target-text\" class=\"tw-data-text tw-ta tw-text-small\" dir=\"ltr\" style=\"text-align: center;\" data-placeholder=\"T\u0142umaczenie\"><span lang=\"en\">We propose the process of creating and modifying three-dimensional objects<\/span><\/h3>\n<h3 id=\"tw-target-text\" class=\"tw-data-text tw-ta tw-text-small\" dir=\"ltr\" style=\"text-align: center;\" data-placeholder=\"T\u0142umaczenie\"><span lang=\"en\">We make models of buildings, interiors, furnishings (furniture, ceramics, lighting, etc.) and many other products<\/span><\/h3>\n<h3 id=\"tw-target-text\" class=\"tw-data-text tw-ta tw-text-small\" dir=\"ltr\" style=\"text-align: center;\" data-placeholder=\"T\u0142umaczenie\"><span lang=\"en\">Models are made in detail according to your needs<\/span><\/h3>\n<h3 id=\"tw-target-text\" class=\"tw-data-text tw-ta tw-text-small\" dir=\"ltr\" style=\"text-align: center;\" data-placeholder=\"T\u0142umaczenie\"><span lang=\"en\">We prepare them for visualization, we create texture maps and textures under the V-ray engine.<\/span><\/h3>\n<h3 id=\"tw-target-text\" class=\"tw-data-text tw-ta tw-text-small\" dir=\"ltr\" style=\"text-align: center;\" data-placeholder=\"T\u0142umaczenie\"><span lang=\"en\">We suggest you preview the models as a textured or grid rendered object, for later use in visualization or projects<\/span><\/h3>\n<p>&nbsp;<\/p>\n<div class=\"fusion-clearfix\"><\/div>\n\n\t\t\t<\/div>\n\t\t<\/div><div  class=\"fusion-layout-column fusion_builder_column fusion_builder_column_1_2  fusion-one-half fusion-column-last 1_2\"  style='margin-top:0px;margin-bottom:20px;width:48%'>\n\t\t\t<div class=\"fusion-column-wrapper\" style=\"background-position:center center;background-repeat:no-repeat;-webkit-background-size:cover;-moz-background-size:cover;-o-background-size:cover;background-size:cover;\"  data-bg-url=\"\">\n\t\t\t\t<div id=\"twenty20-1\" class=\"twenty20\" style=\"width: 100% !important; clear: both;\"><div class=\"twentytwenty-container twenty20-1 \"><img class=\"skip-lazy\" src=\"http:\/\/wizualhome3d.pl\/wp-content\/uploads\/2017\/06\/fotel_1-1.jpg\" alt=\"Modele 3D\" title=\"Modele 3D\" \/><img class=\"skip-lazy\" src=\"http:\/\/wizualhome3d.pl\/wp-content\/uploads\/2017\/06\/fotel-siatka_1-1.jpg\" alt=\"Modele 3D\" title=\"Modele 3D\" \/><\/div><script>jQuery( document ).ready(function( $ ) {$(\".twentytwenty-container.twenty20-1[data-orientation!='vertical']\").twentytwenty({default_offset_pct: 0.5});$(\".twenty20-1 .twentytwenty-overlay\").hide();$(\".twenty20-1 .twentytwenty-overlay\").hide();});<\/script><\/div>\n<div class=\"fusion-clearfix\"><\/div>\n\n\t\t\t<\/div>\n\t\t<\/div><\/div><\/div><div  class=\"fusion-fullwidth fullwidth-box fusion-parallax-fixed hundred-percent-fullwidth\"  style='background-color: #efefef;background-image: url(\"http:\/\/wizualhome3d.pl\/wp-content\/uploads\/2017\/06\/modele3d-tlo.jpg\");background-position: left top;background-repeat: no-repeat;padding-top:20px;padding-right:30px;padding-bottom:60px;padding-left:30px;border-top-width:0px;border-bottom-width:0px;border-color:#eae9e9;border-top-style:solid;border-bottom-style:solid;-webkit-background-size:cover;-moz-background-size:cover;-o-background-size:cover;background-size:cover;background-attachment:fixed;'><div class=\"fusion-builder-row fusion-row \"><div  class=\"fusion-layout-column fusion_builder_column fusion_builder_column_1_1  fusion-one-full fusion-column-first fusion-column-last 1_1\"  style='margin-top:0px;margin-bottom:20px;'>\n\t\t\t<div class=\"fusion-column-wrapper\" style=\"background-position:left top;background-repeat:no-repeat;-webkit-background-size:cover;-moz-background-size:cover;-o-background-size:cover;background-size:cover;\"  data-bg-url=\"\">\n\t\t\t\t<h3><span style=\"color: #000000;\">\u00a0<\/span><\/h3>\n<h3><span style=\"color: #000000;\">\u00a0<\/span><\/h3>\n<h3><span style=\"color: #000000;\">\u00a0<\/span><\/h3>\n<h3><span style=\"color: #000000;\">\u00a0<\/span><\/h3>\n<h3 id=\"tw-target-text\" class=\"tw-data-text tw-ta tw-text-small\" dir=\"ltr\" data-placeholder=\"T\u0142umaczenie\"><span lang=\"en\" style=\"color: #ffffff;\">We create objects based on technical drawings, architectural plans or photographs with basic dimensions<\/span><\/h3>\n<h3 id=\"tw-target-text\" class=\"tw-data-text tw-ta tw-text-small\" dir=\"ltr\" data-placeholder=\"T\u0142umaczenie\"><span lang=\"en\" style=\"color: #ffffff;\">We work on files from CAD software or printed documentation<\/span><\/h3>\n<h3 id=\"tw-target-text\" class=\"tw-data-text tw-ta tw-text-small\" dir=\"ltr\" data-placeholder=\"T\u0142umaczenie\"><span lang=\"en\" style=\"color: #ffffff;\">Models are available in formats: MAX, 3Ds, DWG, DXF, FBX, OBJ<\/span><\/h3>\n<p><span style=\"color: #000000;\">\u00a0<\/span><\/p>\n<div class=\"fusion-clearfix\"><\/div>\n\n\t\t\t<\/div>\n\t\t<\/div><\/div><\/div><div  class=\"fusion-fullwidth fullwidth-box hundred-percent-fullwidth\"  style='background-color: #efefef;background-position: left top;background-repeat: no-repeat;padding-top:20px;padding-right:30px;padding-bottom:20px;padding-left:30px;border-top-width:0px;border-bottom-width:0px;border-color:#eae9e9;border-top-style:solid;border-bottom-style:solid;'><div class=\"fusion-builder-row fusion-row \"><div  class=\"fusion-layout-column fusion_builder_column fusion_builder_column_1_1  fusion-one-full fusion-column-first fusion-column-last 1_1\"  style='margin-top:0px;margin-bottom:20px;'>\n\t\t\t<div class=\"fusion-column-wrapper\" style=\"background-position:left top;background-repeat:no-repeat;-webkit-background-size:cover;-moz-background-size:cover;-o-background-size:cover;background-size:cover;\"  data-bg-url=\"\">\n\t\t\t\t<style type=\"text\/css\">\r\n\t#foogallery-gallery-1871 .fg-image {\r\n        width: 600px;\r\n    }\r\n<\/style>\r\n\t\t\t\t<div class=\"foogallery foogallery-container foogallery-default foogallery-lightbox-foobox-free fg-gutter-10 fg-center fg-default fg-light fg-round-small fg-loading-default fg-loaded-fade-in fg-hover-fade fg-hover-eye fg-ready\" id=\"foogallery-gallery-1871\" data-foogallery=\"{&quot;item&quot;:{&quot;showCaptionTitle&quot;:true,&quot;showCaptionDescription&quot;:false},&quot;lazy&quot;:true}\" >\r\n\t<div class=\"fg-item fg-type-image fg-idle\"><figure class=\"fg-item-inner\"><a href=\"http:\/\/wizualhome3d.pl\/wp-content\/uploads\/2017\/06\/fotel-siatka_1.jpg\" data-caption-title=\"modele 3d\" data-attachment-id=\"1875\" class=\"fg-thumb\"><span class=\"fg-image-wrap\"><img alt=\"modele 3d\" title=\"modele 3d\" width=\"600\" height=\"600\" class=\"skip-lazy fg-image\" data-src-fg=\"http:\/\/wizualhome3d.pl\/wp-content\/uploads\/cache\/2017\/06\/fotel-siatka_1\/4258159032.jpg\" src=\"data:image\/svg+xml,%3Csvg%20xmlns%3D%22http%3A%2F%2Fwww.w3.org%2F2000%2Fsvg%22%20width%3D%22600%22%20height%3D%22600%22%20viewBox%3D%220%200%20600%20600%22%3E%3C%2Fsvg%3E\" loading=\"eager\"><\/span><span class=\"fg-image-overlay\"><\/span><\/a><figcaption class=\"fg-caption\"><div class=\"fg-caption-inner\"><div class=\"fg-caption-title\">modele 3d<\/div><\/div><\/figcaption><\/figure><div class=\"fg-loader\"><\/div><\/div><div class=\"fg-item fg-type-image fg-idle\"><figure class=\"fg-item-inner\"><a href=\"http:\/\/wizualhome3d.pl\/wp-content\/uploads\/2017\/06\/budynek-siatka_6.jpg\" data-caption-title=\"modelowanie 3d\" data-attachment-id=\"2138\" class=\"fg-thumb\"><span class=\"fg-image-wrap\"><img alt=\"modelowanie 3d budynkow\" title=\"modelowanie 3d\" width=\"600\" height=\"600\" class=\"skip-lazy fg-image\" data-src-fg=\"http:\/\/wizualhome3d.pl\/wp-content\/uploads\/cache\/2017\/06\/budynek-siatka_6\/2394591612.jpg\" src=\"data:image\/svg+xml,%3Csvg%20xmlns%3D%22http%3A%2F%2Fwww.w3.org%2F2000%2Fsvg%22%20width%3D%22600%22%20height%3D%22600%22%20viewBox%3D%220%200%20600%20600%22%3E%3C%2Fsvg%3E\" loading=\"eager\"><\/span><span class=\"fg-image-overlay\"><\/span><\/a><figcaption class=\"fg-caption\"><div class=\"fg-caption-inner\"><div class=\"fg-caption-title\">modelowanie 3d<\/div><\/div><\/figcaption><\/figure><div class=\"fg-loader\"><\/div><\/div><div class=\"fg-item fg-type-image fg-idle\"><figure class=\"fg-item-inner\"><a href=\"http:\/\/wizualhome3d.pl\/wp-content\/uploads\/2017\/06\/budynek-siatka_8.jpg\" data-caption-title=\"modelowanie 3d\" data-attachment-id=\"2140\" class=\"fg-thumb\"><span class=\"fg-image-wrap\"><img alt=\"modelowanie 3d budynk\u00f3w\" title=\"modelowanie 3d\" width=\"600\" height=\"600\" class=\"skip-lazy fg-image\" data-src-fg=\"http:\/\/wizualhome3d.pl\/wp-content\/uploads\/cache\/2017\/06\/budynek-siatka_8\/2341194285.jpg\" src=\"data:image\/svg+xml,%3Csvg%20xmlns%3D%22http%3A%2F%2Fwww.w3.org%2F2000%2Fsvg%22%20width%3D%22600%22%20height%3D%22600%22%20viewBox%3D%220%200%20600%20600%22%3E%3C%2Fsvg%3E\" loading=\"eager\"><\/span><span class=\"fg-image-overlay\"><\/span><\/a><figcaption class=\"fg-caption\"><div class=\"fg-caption-inner\"><div class=\"fg-caption-title\">modelowanie 3d<\/div><\/div><\/figcaption><\/figure><div class=\"fg-loader\"><\/div><\/div><div class=\"fg-item fg-type-image fg-idle\"><figure class=\"fg-item-inner\"><a href=\"http:\/\/wizualhome3d.pl\/wp-content\/uploads\/2017\/06\/budynek-siatka_7.jpg\" data-caption-title=\"modelowanie 3d\" data-attachment-id=\"2139\" class=\"fg-thumb\"><span class=\"fg-image-wrap\"><img alt=\"modelowanie 3d budynk\u00f3w\" title=\"modelowanie 3d\" width=\"600\" height=\"600\" class=\"skip-lazy fg-image\" data-src-fg=\"http:\/\/wizualhome3d.pl\/wp-content\/uploads\/cache\/2017\/06\/budynek-siatka_7\/635897236.jpg\" src=\"data:image\/svg+xml,%3Csvg%20xmlns%3D%22http%3A%2F%2Fwww.w3.org%2F2000%2Fsvg%22%20width%3D%22600%22%20height%3D%22600%22%20viewBox%3D%220%200%20600%20600%22%3E%3C%2Fsvg%3E\" loading=\"eager\"><\/span><span class=\"fg-image-overlay\"><\/span><\/a><figcaption class=\"fg-caption\"><div class=\"fg-caption-inner\"><div class=\"fg-caption-title\">modelowanie 3d<\/div><\/div><\/figcaption><\/figure><div class=\"fg-loader\"><\/div><\/div><div class=\"fg-item fg-type-image fg-idle\"><figure class=\"fg-item-inner\"><a href=\"http:\/\/wizualhome3d.pl\/wp-content\/uploads\/2017\/06\/budynek-siatka_5.jpg\" data-attachment-id=\"2294\" class=\"fg-thumb\"><span class=\"fg-image-wrap\"><img width=\"600\" height=\"600\" class=\"skip-lazy fg-image\" data-src-fg=\"http:\/\/wizualhome3d.pl\/wp-content\/uploads\/cache\/2017\/06\/budynek-siatka_5\/3851425103.jpg\" src=\"data:image\/svg+xml,%3Csvg%20xmlns%3D%22http%3A%2F%2Fwww.w3.org%2F2000%2Fsvg%22%20width%3D%22600%22%20height%3D%22600%22%20viewBox%3D%220%200%20600%20600%22%3E%3C%2Fsvg%3E\" loading=\"eager\"><\/span><span class=\"fg-image-overlay\"><\/span><\/a><figcaption class=\"fg-caption\"><div class=\"fg-caption-inner\"><\/div><\/figcaption><\/figure><div class=\"fg-loader\"><\/div><\/div><div class=\"fg-item fg-type-image fg-idle\"><figure class=\"fg-item-inner\"><a href=\"http:\/\/wizualhome3d.pl\/wp-content\/uploads\/2017\/06\/model-wawel.jpg\" data-attachment-id=\"2295\" class=\"fg-thumb\"><span class=\"fg-image-wrap\"><img width=\"600\" height=\"600\" class=\"skip-lazy fg-image\" data-src-fg=\"http:\/\/wizualhome3d.pl\/wp-content\/uploads\/cache\/2017\/06\/model-wawel\/1990219058.jpg\" src=\"data:image\/svg+xml,%3Csvg%20xmlns%3D%22http%3A%2F%2Fwww.w3.org%2F2000%2Fsvg%22%20width%3D%22600%22%20height%3D%22600%22%20viewBox%3D%220%200%20600%20600%22%3E%3C%2Fsvg%3E\" loading=\"eager\"><\/span><span class=\"fg-image-overlay\"><\/span><\/a><figcaption class=\"fg-caption\"><div class=\"fg-caption-inner\"><\/div><\/figcaption><\/figure><div class=\"fg-loader\"><\/div><\/div><div class=\"fg-item fg-type-image fg-idle\"><figure class=\"fg-item-inner\"><a href=\"http:\/\/wizualhome3d.pl\/wp-content\/uploads\/2017\/06\/dom-w-g\u00f3rach-siatka.jpg\" data-caption-desc=\"modele 3d\" data-attachment-id=\"1874\" class=\"fg-thumb\"><span class=\"fg-image-wrap\"><img alt=\"modele 3d\" width=\"600\" height=\"600\" class=\"skip-lazy fg-image\" data-src-fg=\"http:\/\/wizualhome3d.pl\/wp-content\/uploads\/cache\/2017\/06\/dom-w-g\u00f3rach-siatka\/402895360.jpg\" src=\"data:image\/svg+xml,%3Csvg%20xmlns%3D%22http%3A%2F%2Fwww.w3.org%2F2000%2Fsvg%22%20width%3D%22600%22%20height%3D%22600%22%20viewBox%3D%220%200%20600%20600%22%3E%3C%2Fsvg%3E\" loading=\"eager\"><\/span><span class=\"fg-image-overlay\"><\/span><\/a><figcaption class=\"fg-caption\"><div class=\"fg-caption-inner\"><\/div><\/figcaption><\/figure><div class=\"fg-loader\"><\/div><\/div><div class=\"fg-item fg-type-image fg-idle\"><figure class=\"fg-item-inner\"><a href=\"http:\/\/wizualhome3d.pl\/wp-content\/uploads\/2017\/06\/sofa-siatka.jpg\" data-caption-title=\"modele 3d\" data-attachment-id=\"1878\" class=\"fg-thumb\"><span class=\"fg-image-wrap\"><img alt=\"modele 3d\" title=\"modele 3d\" width=\"600\" height=\"600\" class=\"skip-lazy fg-image\" data-src-fg=\"http:\/\/wizualhome3d.pl\/wp-content\/uploads\/cache\/2017\/06\/sofa-siatka\/601054533.jpg\" src=\"data:image\/svg+xml,%3Csvg%20xmlns%3D%22http%3A%2F%2Fwww.w3.org%2F2000%2Fsvg%22%20width%3D%22600%22%20height%3D%22600%22%20viewBox%3D%220%200%20600%20600%22%3E%3C%2Fsvg%3E\" loading=\"eager\"><\/span><span class=\"fg-image-overlay\"><\/span><\/a><figcaption class=\"fg-caption\"><div class=\"fg-caption-inner\"><div class=\"fg-caption-title\">modele 3d<\/div><\/div><\/figcaption><\/figure><div class=\"fg-loader\"><\/div><\/div><div class=\"fg-item fg-type-image fg-idle\"><figure class=\"fg-item-inner\"><a href=\"http:\/\/wizualhome3d.pl\/wp-content\/uploads\/2017\/06\/fotel-siatka_2.jpg\" data-caption-title=\"modele 3d\" data-attachment-id=\"1876\" class=\"fg-thumb\"><span class=\"fg-image-wrap\"><img alt=\"modele 3d\" title=\"modele 3d\" width=\"600\" height=\"600\" class=\"skip-lazy fg-image\" data-src-fg=\"http:\/\/wizualhome3d.pl\/wp-content\/uploads\/cache\/2017\/06\/fotel-siatka_2\/2055424023.jpg\" src=\"data:image\/svg+xml,%3Csvg%20xmlns%3D%22http%3A%2F%2Fwww.w3.org%2F2000%2Fsvg%22%20width%3D%22600%22%20height%3D%22600%22%20viewBox%3D%220%200%20600%20600%22%3E%3C%2Fsvg%3E\" loading=\"eager\"><\/span><span class=\"fg-image-overlay\"><\/span><\/a><figcaption class=\"fg-caption\"><div class=\"fg-caption-inner\"><div class=\"fg-caption-title\">modele 3d<\/div><\/div><\/figcaption><\/figure><div class=\"fg-loader\"><\/div><\/div><div class=\"fg-item fg-type-image fg-idle\"><figure class=\"fg-item-inner\"><a href=\"http:\/\/wizualhome3d.pl\/wp-content\/uploads\/2017\/06\/fotel-siatka_3.jpg\" data-caption-title=\"modele 3d\" data-attachment-id=\"1877\" class=\"fg-thumb\"><span class=\"fg-image-wrap\"><img alt=\"modele 3d\" title=\"modele 3d\" width=\"600\" height=\"600\" class=\"skip-lazy fg-image\" data-src-fg=\"http:\/\/wizualhome3d.pl\/wp-content\/uploads\/cache\/2017\/06\/fotel-siatka_3\/129517426.jpg\" src=\"data:image\/svg+xml,%3Csvg%20xmlns%3D%22http%3A%2F%2Fwww.w3.org%2F2000%2Fsvg%22%20width%3D%22600%22%20height%3D%22600%22%20viewBox%3D%220%200%20600%20600%22%3E%3C%2Fsvg%3E\" loading=\"eager\"><\/span><span class=\"fg-image-overlay\"><\/span><\/a><figcaption class=\"fg-caption\"><div class=\"fg-caption-inner\"><div class=\"fg-caption-title\">modele 3d<\/div><\/div><\/figcaption><\/figure><div class=\"fg-loader\"><\/div><\/div><div class=\"fg-item fg-type-image fg-idle\"><figure class=\"fg-item-inner\"><a href=\"http:\/\/wizualhome3d.pl\/wp-content\/uploads\/2017\/06\/p\u0142ytka.jpg\" data-caption-title=\"Modele 3D\" data-attachment-id=\"1883\" class=\"fg-thumb\"><span class=\"fg-image-wrap\"><img alt=\"Modele 3D\" title=\"Modele 3D\" width=\"600\" height=\"600\" class=\"skip-lazy fg-image\" data-src-fg=\"http:\/\/wizualhome3d.pl\/wp-content\/uploads\/cache\/2017\/06\/p\u0142ytka\/2021317558.jpg\" src=\"data:image\/svg+xml,%3Csvg%20xmlns%3D%22http%3A%2F%2Fwww.w3.org%2F2000%2Fsvg%22%20width%3D%22600%22%20height%3D%22600%22%20viewBox%3D%220%200%20600%20600%22%3E%3C%2Fsvg%3E\" loading=\"eager\"><\/span><span class=\"fg-image-overlay\"><\/span><\/a><figcaption class=\"fg-caption\"><div class=\"fg-caption-inner\"><div class=\"fg-caption-title\">Modele 3D<\/div><\/div><\/figcaption><\/figure><div class=\"fg-loader\"><\/div><\/div><div class=\"fg-item fg-type-image fg-idle\"><figure class=\"fg-item-inner\"><a href=\"http:\/\/wizualhome3d.pl\/wp-content\/uploads\/2017\/06\/umywalka.jpg\" data-caption-title=\"Modele 3D\" data-attachment-id=\"1889\" class=\"fg-thumb\"><span class=\"fg-image-wrap\"><img alt=\"Modele 3D\" title=\"Modele 3D\" width=\"600\" height=\"600\" class=\"skip-lazy fg-image\" data-src-fg=\"http:\/\/wizualhome3d.pl\/wp-content\/uploads\/cache\/2017\/06\/umywalka\/4178032469.jpg\" src=\"data:image\/svg+xml,%3Csvg%20xmlns%3D%22http%3A%2F%2Fwww.w3.org%2F2000%2Fsvg%22%20width%3D%22600%22%20height%3D%22600%22%20viewBox%3D%220%200%20600%20600%22%3E%3C%2Fsvg%3E\" loading=\"eager\"><\/span><span class=\"fg-image-overlay\"><\/span><\/a><figcaption class=\"fg-caption\"><div class=\"fg-caption-inner\"><div class=\"fg-caption-title\">Modele 3D<\/div><\/div><\/figcaption><\/figure><div class=\"fg-loader\"><\/div><\/div><div class=\"fg-item fg-type-image fg-idle\"><figure class=\"fg-item-inner\"><a href=\"http:\/\/wizualhome3d.pl\/wp-content\/uploads\/2017\/06\/\u017cyrandol.jpg\" data-caption-title=\"Modele 3D\" data-attachment-id=\"1890\" class=\"fg-thumb\"><span class=\"fg-image-wrap\"><img alt=\"Modele 3D\" title=\"Modele 3D\" width=\"600\" height=\"600\" class=\"skip-lazy fg-image\" data-src-fg=\"http:\/\/wizualhome3d.pl\/wp-content\/uploads\/cache\/2017\/06\/\u017cyrandol\/2835327717.jpg\" src=\"data:image\/svg+xml,%3Csvg%20xmlns%3D%22http%3A%2F%2Fwww.w3.org%2F2000%2Fsvg%22%20width%3D%22600%22%20height%3D%22600%22%20viewBox%3D%220%200%20600%20600%22%3E%3C%2Fsvg%3E\" loading=\"eager\"><\/span><span class=\"fg-image-overlay\"><\/span><\/a><figcaption class=\"fg-caption\"><div class=\"fg-caption-inner\"><div class=\"fg-caption-title\">Modele 3D<\/div><\/div><\/figcaption><\/figure><div class=\"fg-loader\"><\/div><\/div><div class=\"fg-item fg-type-image fg-idle\"><figure class=\"fg-item-inner\"><a href=\"http:\/\/wizualhome3d.pl\/wp-content\/uploads\/2017\/06\/budynek-siatka_1.jpg\" data-caption-title=\"modele 3d\" data-attachment-id=\"1872\" class=\"fg-thumb\"><span class=\"fg-image-wrap\"><img alt=\"modele 3d\" title=\"modele 3d\" width=\"600\" height=\"600\" class=\"skip-lazy fg-image\" data-src-fg=\"http:\/\/wizualhome3d.pl\/wp-content\/uploads\/cache\/2017\/06\/budynek-siatka_1\/3319747308.jpg\" src=\"data:image\/svg+xml,%3Csvg%20xmlns%3D%22http%3A%2F%2Fwww.w3.org%2F2000%2Fsvg%22%20width%3D%22600%22%20height%3D%22600%22%20viewBox%3D%220%200%20600%20600%22%3E%3C%2Fsvg%3E\" loading=\"eager\"><\/span><span class=\"fg-image-overlay\"><\/span><\/a><figcaption class=\"fg-caption\"><div class=\"fg-caption-inner\"><div class=\"fg-caption-title\">modele 3d<\/div><\/div><\/figcaption><\/figure><div class=\"fg-loader\"><\/div><\/div><div class=\"fg-item fg-type-image fg-idle\"><figure class=\"fg-item-inner\"><a href=\"http:\/\/wizualhome3d.pl\/wp-content\/uploads\/2017\/06\/budynek-siatka_2.jpg\" data-caption-title=\"modele 3d\" data-attachment-id=\"1873\" class=\"fg-thumb\"><span class=\"fg-image-wrap\"><img alt=\"modele 3d\" title=\"modele 3d\" width=\"600\" height=\"600\" class=\"skip-lazy fg-image\" data-src-fg=\"http:\/\/wizualhome3d.pl\/wp-content\/uploads\/cache\/2017\/06\/budynek-siatka_2\/749191545.jpg\" src=\"data:image\/svg+xml,%3Csvg%20xmlns%3D%22http%3A%2F%2Fwww.w3.org%2F2000%2Fsvg%22%20width%3D%22600%22%20height%3D%22600%22%20viewBox%3D%220%200%20600%20600%22%3E%3C%2Fsvg%3E\" loading=\"eager\"><\/span><span class=\"fg-image-overlay\"><\/span><\/a><figcaption class=\"fg-caption\"><div class=\"fg-caption-inner\"><div class=\"fg-caption-title\">modele 3d<\/div><\/div><\/figcaption><\/figure><div class=\"fg-loader\"><\/div><\/div><\/div>\r\n\n<div class=\"fusion-clearfix\"><\/div>\n\n\t\t\t<\/div>\n\t\t<\/div><\/div><\/div><\/p>\n","protected":false},"excerpt":{"rendered":"","protected":false},"author":2,"featured_media":0,"parent":0,"menu_order":0,"comment_status":"closed","ping_status":"closed","template":"100-width.php","meta":{"_mi_skip_tracking":false},"yoast_head":"<!-- This site is optimized with the Yoast SEO plugin v19.0 - https:\/\/yoast.com\/wordpress\/plugins\/seo\/ -->\n<title>3d Model - WizualHome3D<\/title>\n<meta name=\"description\" content=\"3D models made by WizualHome3D - We offer 3d models\" \/>\n<meta name=\"robots\" content=\"index, follow, max-snippet:-1, max-image-preview:large, max-video-preview:-1\" \/>\n<link rel=\"canonical\" href=\"http:\/\/wizualhome3d.pl\/index.php\/en\/3d-model\/\" \/>\n<meta property=\"og:locale\" content=\"pl_PL\" \/>\n<meta property=\"og:type\" content=\"article\" \/>\n<meta property=\"og:title\" content=\"3d Model - WizualHome3D\" \/>\n<meta property=\"og:description\" content=\"3D models made by WizualHome3D - We offer 3d models\" \/>\n<meta property=\"og:url\" content=\"http:\/\/wizualhome3d.pl\/index.php\/en\/3d-model\/\" \/>\n<meta property=\"og:site_name\" content=\"WizualHome3D - Pracownia wizualizacji komputerowej\" \/>\n<meta property=\"article:publisher\" content=\"https:\/\/www.facebook.com\/wizualhome3d\/\" \/>\n<meta property=\"article:modified_time\" content=\"2017-11-27T16:17:15+00:00\" \/>\n<meta name=\"twitter:card\" content=\"summary\" \/>\n<meta name=\"twitter:label1\" content=\"Szacowany czas czytania\" \/>\n\t<meta name=\"twitter:data1\" content=\"3 minuty\" \/>\n<script type=\"application\/ld+json\" class=\"yoast-schema-graph\">{\"@context\":\"https:\/\/schema.org\",\"@graph\":[{\"@type\":\"WebSite\",\"@id\":\"http:\/\/wizualhome3d.pl\/#website\",\"url\":\"http:\/\/wizualhome3d.pl\/\",\"name\":\"WizualHome3D - Pracownia wizualizacji komputerowej\",\"description\":\"Wykonywanie wizualizacji 3D wn\u0119trz, architektury, produkt\u00f3w, modelowanie obiekt\u00f3w 3d\",\"potentialAction\":[{\"@type\":\"SearchAction\",\"target\":{\"@type\":\"EntryPoint\",\"urlTemplate\":\"http:\/\/wizualhome3d.pl\/?s={search_term_string}\"},\"query-input\":\"required name=search_term_string\"}],\"inLanguage\":\"pl-PL\"},{\"@type\":\"WebPage\",\"@id\":\"http:\/\/wizualhome3d.pl\/index.php\/en\/3d-model\/#webpage\",\"url\":\"http:\/\/wizualhome3d.pl\/index.php\/en\/3d-model\/\",\"name\":\"3d Model - WizualHome3D\",\"isPartOf\":{\"@id\":\"http:\/\/wizualhome3d.pl\/#website\"},\"datePublished\":\"2017-06-28T14:26:14+00:00\",\"dateModified\":\"2017-11-27T16:17:15+00:00\",\"description\":\"3D models made by WizualHome3D - We offer 3d models\",\"breadcrumb\":{\"@id\":\"http:\/\/wizualhome3d.pl\/index.php\/en\/3d-model\/#breadcrumb\"},\"inLanguage\":\"pl-PL\",\"potentialAction\":[{\"@type\":\"ReadAction\",\"target\":[\"http:\/\/wizualhome3d.pl\/index.php\/en\/3d-model\/\"]}]},{\"@type\":\"BreadcrumbList\",\"@id\":\"http:\/\/wizualhome3d.pl\/index.php\/en\/3d-model\/#breadcrumb\",\"itemListElement\":[{\"@type\":\"ListItem\",\"position\":1,\"name\":\"Strona g\u0142\u00f3wna\",\"item\":\"http:\/\/wizualhome3d.pl\/\"},{\"@type\":\"ListItem\",\"position\":2,\"name\":\"3D Model\"}]}]}<\/script>\n<!-- \/ Yoast SEO plugin. -->","yoast_head_json":{"title":"3d Model - WizualHome3D","description":"3D models made by WizualHome3D - We offer 3d models","robots":{"index":"index","follow":"follow","max-snippet":"max-snippet:-1","max-image-preview":"max-image-preview:large","max-video-preview":"max-video-preview:-1"},"canonical":"http:\/\/wizualhome3d.pl\/index.php\/en\/3d-model\/","og_locale":"pl_PL","og_type":"article","og_title":"3d Model - WizualHome3D","og_description":"3D models made by WizualHome3D - We offer 3d models","og_url":"http:\/\/wizualhome3d.pl\/index.php\/en\/3d-model\/","og_site_name":"WizualHome3D - Pracownia wizualizacji komputerowej","article_publisher":"https:\/\/www.facebook.com\/wizualhome3d\/","article_modified_time":"2017-11-27T16:17:15+00:00","twitter_card":"summary","twitter_misc":{"Szacowany czas czytania":"3 minuty"},"schema":{"@context":"https:\/\/schema.org","@graph":[{"@type":"WebSite","@id":"http:\/\/wizualhome3d.pl\/#website","url":"http:\/\/wizualhome3d.pl\/","name":"WizualHome3D - Pracownia wizualizacji komputerowej","description":"Wykonywanie wizualizacji 3D wn\u0119trz, architektury, produkt\u00f3w, modelowanie obiekt\u00f3w 3d","potentialAction":[{"@type":"SearchAction","target":{"@type":"EntryPoint","urlTemplate":"http:\/\/wizualhome3d.pl\/?s={search_term_string}"},"query-input":"required name=search_term_string"}],"inLanguage":"pl-PL"},{"@type":"WebPage","@id":"http:\/\/wizualhome3d.pl\/index.php\/en\/3d-model\/#webpage","url":"http:\/\/wizualhome3d.pl\/index.php\/en\/3d-model\/","name":"3d Model - WizualHome3D","isPartOf":{"@id":"http:\/\/wizualhome3d.pl\/#website"},"datePublished":"2017-06-28T14:26:14+00:00","dateModified":"2017-11-27T16:17:15+00:00","description":"3D models made by WizualHome3D - We offer 3d models","breadcrumb":{"@id":"http:\/\/wizualhome3d.pl\/index.php\/en\/3d-model\/#breadcrumb"},"inLanguage":"pl-PL","potentialAction":[{"@type":"ReadAction","target":["http:\/\/wizualhome3d.pl\/index.php\/en\/3d-model\/"]}]},{"@type":"BreadcrumbList","@id":"http:\/\/wizualhome3d.pl\/index.php\/en\/3d-model\/#breadcrumb","itemListElement":[{"@type":"ListItem","position":1,"name":"Strona g\u0142\u00f3wna","item":"http:\/\/wizualhome3d.pl\/"},{"@type":"ListItem","position":2,"name":"3D Model"}]}]}},"_links":{"self":[{"href":"http:\/\/wizualhome3d.pl\/index.php\/wp-json\/wp\/v2\/pages\/2096"}],"collection":[{"href":"http:\/\/wizualhome3d.pl\/index.php\/wp-json\/wp\/v2\/pages"}],"about":[{"href":"http:\/\/wizualhome3d.pl\/index.php\/wp-json\/wp\/v2\/types\/page"}],"author":[{"embeddable":true,"href":"http:\/\/wizualhome3d.pl\/index.php\/wp-json\/wp\/v2\/users\/2"}],"replies":[{"embeddable":true,"href":"http:\/\/wizualhome3d.pl\/index.php\/wp-json\/wp\/v2\/comments?post=2096"}],"version-history":[{"count":2,"href":"http:\/\/wizualhome3d.pl\/index.php\/wp-json\/wp\/v2\/pages\/2096\/revisions"}],"predecessor-version":[{"id":2232,"href":"http:\/\/wizualhome3d.pl\/index.php\/wp-json\/wp\/v2\/pages\/2096\/revisions\/2232"}],"wp:attachment":[{"href":"http:\/\/wizualhome3d.pl\/index.php\/wp-json\/wp\/v2\/media?parent=2096"}],"curies":[{"name":"wp","href":"https:\/\/api.w.org\/{rel}","templated":true}]}}