{"id":9,"date":"2015-02-10T19:21:19","date_gmt":"2015-02-10T19:21:19","guid":{"rendered":"http:\/\/theme-fusion.com\/avada_demos\/architecture\/?page_id=9"},"modified":"2017-07-26T12:06:51","modified_gmt":"2017-07-26T10:06:51","slug":"projekt","status":"publish","type":"page","link":"http:\/\/wizualhome3d.pl\/index.php\/projekt\/","title":{"rendered":"Oferta"},"content":{"rendered":"<p><div  class=\"fusion-fullwidth fullwidth-box nonhundred-percent-fullwidth\"  style='background-color: #efefef;background-position: left top;background-repeat: no-repeat;padding-top:100px;padding-right:0px;padding-bottom:30px;padding-left:0px;border-top-width:0px;border-bottom-width:0px;border-color:#eae9e9;border-top-style:solid;border-bottom-style:solid;'><div class=\"fusion-builder-row fusion-row \"><div  class=\"fusion-layout-column fusion_builder_column fusion_builder_column_1_2  fusion-one-half fusion-column-first 1_2\"  style='margin-top:0px;margin-bottom:20px;width:48%; margin-right: 4%;'>\n\t\t\t<div class=\"fusion-column-wrapper\" style=\"background-position:left top;background-repeat:no-repeat;-webkit-background-size:cover;-moz-background-size:cover;-o-background-size:cover;background-size:cover;\"  data-bg-url=\"\">\n\t\t\t\t<h1 style=\"text-align: center;\">WizualHome3D<\/h1>\n<h2 style=\"text-align: right;\"><span style=\"color: #3366ff;\">wizualizacje z pasj\u0105<\/span><\/h2>\n<h2>Nasza pracownia zajmuje si\u0119 wykonywaniem wysokojako\u015bciowych wizualizacji wn\u0119trz, architektury oraz produkt\u00f3w. Wykonujemy \u00a0r\u00f3wnie\u017c modele 3D na zlecenia dla architekt\u00f3w, projektant\u00f3w wn\u0119trz oraz os\u00f3b potrzebuj\u0105cych przedstawi\u0107 sw\u00f3j produkt w wizualizacji lub animacji.<\/h2>\n<h2>W dzisiejszych czasach wizualizacja ma du\u017cy wp\u0142yw na reklam\u0119. Dzi\u0119ki niej mo\u017cna zdoby\u0107 zainteresowanie, zachwyci\u0107 potencjalnych klient\u00f3w.<\/h2>\n<h2>Swoj\u0105 ofert\u0119 kierujemy do firm lub os\u00f3b, kt\u00f3rzy chc\u0105 zaprezentowa\u0107 lub sami si\u0119 przekona\u0107 jak b\u0119dzie wygl\u0105da\u0142o wn\u0119trze, obiekt architektoniczny lub produkt, kt\u00f3ry zaprojektowali.<\/h2>\n<h2>Dzi\u0119ki naszej pracy i pasji z jak\u0105 wykonujemy powierzone nam zadania oraz mo\u017cliwo\u015bci najnowszej technologii grafiki 3D, przedstawiamy Pa\u0144stwa plany w zale\u017cno\u015bci od potrzeb:<\/h2>\n<h2><\/h2>\n<div class=\"fusion-sep-clear\"><\/div><div class=\"fusion-separator sep-none\" style=\"margin-top:0px;margin-bottom:35px;width:100%;max-width:170px;\"><\/div><div class=\"fusion-clearfix\"><\/div>\n\n\t\t\t<\/div>\n\t\t<\/div><div  class=\"fusion-layout-column fusion_builder_column fusion_builder_column_1_2  fusion-one-half fusion-column-last 1_2\"  style='margin-top:0px;margin-bottom:20px;width:48%'>\n\t\t\t<div class=\"fusion-column-wrapper\" style=\"background-position:left top;background-repeat:no-repeat;-webkit-background-size:cover;-moz-background-size:cover;-o-background-size:cover;background-size:cover;\"  data-bg-url=\"\">\n\t\t\t\t<div class=\"fusion-sep-clear\"><\/div><div class=\"fusion-separator sep-none\" style=\"margin-top:0px;margin-bottom:100px;width:100%;max-width:170px;\"><\/div><span class=\"fusion-imageframe imageframe-none imageframe-1 hover-type-zoomin\"><img loading=\"lazy\" src=\"http:\/\/wizualhome3d.pl\/wp-content\/uploads\/2015\/02\/Smolscy_kuchnia_1.png\" width=\"\" height=\"\" alt=\"\" title=\"\" class=\"img-responsive\"\/><\/span><div class=\"fusion-clearfix\"><\/div>\n\n\t\t\t<\/div>\n\t\t<\/div><div  data-animationType=fadeInLeft data-animationDuration=1 data-animationOffset=50% class=\"fusion-layout-column fusion_builder_column fusion_builder_column_1_5  fusion-one-fifth fusion-column-first fusion-animated 1_5\"  style='margin-top:0px;margin-bottom:20px;width:16.8%; margin-right: 4%;'>\n\t\t\t<div class=\"fusion-column-wrapper\" style=\"background-position:left top;background-repeat:no-repeat;-webkit-background-size:cover;-moz-background-size:cover;-o-background-size:cover;background-size:cover;\"  data-bg-url=\"\">\n\t\t\t\t<h3>Wizualizacje wn\u0119trz<\/h3>\n<div class=\"fusion-clearfix\"><\/div>\n\n\t\t\t<\/div>\n\t\t<\/div><div  data-animationType=fadeInLeft data-animationDuration=1 data-animationOffset=50% class=\"fusion-layout-column fusion_builder_column fusion_builder_column_1_5  fusion-one-fifth fusion-animated 1_5\"  style='margin-top:0px;margin-bottom:20px;width:16.8%; margin-right: 4%;'>\n\t\t\t<div class=\"fusion-column-wrapper\" style=\"background-position:left top;background-repeat:no-repeat;-webkit-background-size:cover;-moz-background-size:cover;-o-background-size:cover;background-size:cover;\"  data-bg-url=\"\">\n\t\t\t\t<h3>Wizualizacjach architektonicznych<\/h3>\n<div class=\"fusion-clearfix\"><\/div>\n\n\t\t\t<\/div>\n\t\t<\/div><div  data-animationType=fadeInUp data-animationDuration=1 data-animationOffset=50% class=\"fusion-layout-column fusion_builder_column fusion_builder_column_1_5  fusion-one-fifth fusion-animated 1_5\"  style='margin-top:0px;margin-bottom:20px;width:16.8%; margin-right: 4%;'>\n\t\t\t<div class=\"fusion-column-wrapper\" style=\"background-position:left top;background-repeat:no-repeat;-webkit-background-size:cover;-moz-background-size:cover;-o-background-size:cover;background-size:cover;\"  data-bg-url=\"\">\n\t\t\t\t<h3>Wizualizacjach\u00a0produktu<\/h3>\n<div class=\"fusion-clearfix\"><\/div>\n\n\t\t\t<\/div>\n\t\t<\/div><div  data-animationType=fadeInRight data-animationDuration=1 data-animationOffset=50% class=\"fusion-layout-column fusion_builder_column fusion_builder_column_1_5  fusion-one-fifth fusion-animated 1_5\"  style='margin-top:0px;margin-bottom:20px;width:16.8%; margin-right: 4%;'>\n\t\t\t<div class=\"fusion-column-wrapper\" style=\"background-position:left top;background-repeat:no-repeat;-webkit-background-size:cover;-moz-background-size:cover;-o-background-size:cover;background-size:cover;\"  data-bg-url=\"\">\n\t\t\t\t<h3>Panoram 360<\/h3>\n<div class=\"fusion-clearfix\"><\/div>\n\n\t\t\t<\/div>\n\t\t<\/div><div  data-animationType=fadeInRight data-animationDuration=1 data-animationOffset=50% class=\"fusion-layout-column fusion_builder_column fusion_builder_column_1_5  fusion-one-fifth fusion-column-last fusion-animated 1_5\"  style='margin-top:0px;margin-bottom:20px;width:16.8%'>\n\t\t\t<div class=\"fusion-column-wrapper\" style=\"background-position:left top;background-repeat:no-repeat;-webkit-background-size:cover;-moz-background-size:cover;-o-background-size:cover;background-size:cover;\"  data-bg-url=\"\">\n\t\t\t\t<h3>Modelach 3D<\/h3>\n<div class=\"fusion-clearfix\"><\/div>\n\n\t\t\t<\/div>\n\t\t<\/div><\/div><\/div><div  class=\"fusion-fullwidth fullwidth-box fusion-parallax-fixed nonhundred-percent-fullwidth\"  style='background-color: rgba(255,255,255,0);background-image: url(\"http:\/\/wizualhome3d.pl\/wp-content\/uploads\/2015\/05\/st-lucia.jpg\");background-position: left top;background-repeat: no-repeat;padding-top:150px;padding-right:0px;padding-bottom:150px;padding-left:0px;border-top-width:0px;border-bottom-width:0px;border-color:#eae9e9;border-top-style:solid;border-bottom-style:solid;-webkit-background-size:cover;-moz-background-size:cover;-o-background-size:cover;background-size:cover;background-attachment:fixed;'><div class=\"fusion-builder-row fusion-row \"><div  class=\"fusion-layout-column fusion_builder_column fusion_builder_column_1_1  fusion-one-full fusion-column-first fusion-column-last fusion-column-no-min-height 1_1\"  style='margin-top:0px;margin-bottom:0px;'>\n\t\t\t<div class=\"fusion-column-wrapper\" style=\"background-position:left top;background-repeat:no-repeat;-webkit-background-size:cover;-moz-background-size:cover;-o-background-size:cover;background-size:cover;\"  data-bg-url=\"\">\n\t\t\t\t<h2 style=\"text-align: center;\"><span style=\"color: #ffffff;\">NASZA PASJA<\/span><\/h2>\n<h2 style=\"text-align: center;\"><span style=\"color: #ffffff;\">TWOJE WYMARZONE WN\u0118TRZE, DOM<\/span><\/h2>\n<h3><\/h3>\n<div class=\"fusion-sep-clear\"><\/div><div class=\"fusion-separator fusion-full-width-sep sep-none\" style=\"margin-left: auto;margin-right: auto;margin-top:60px;\"><\/div><p style=\"text-align: right;\"><span style=\"color: #ffffff;\">PRZESTRZE\u0143 WN\u0118TRZA STAJE SI\u0118<\/span><\/p>\n<p style=\"text-align: right;\"><span style=\"color: #ffffff;\">RZECZYWISTO\u015aCI\u0104 BUDYNKU<\/span><\/p>\n<p style=\"text-align: right;\"><span style=\"color: #ffffff;\"> FRANK LLOYD WRIGHT<\/span><\/p>\n<div class=\"fusion-clearfix\"><\/div>\n\n\t\t\t<\/div>\n\t\t<\/div><\/div><\/div><div  class=\"fusion-fullwidth fullwidth-box nonhundred-percent-fullwidth\"  style='background-color: rgba(255,255,255,0);background-position: left top;background-repeat: no-repeat;padding-top:20px;padding-right:0px;padding-bottom:20px;padding-left:0px;border-top-width:0px;border-bottom-width:0px;border-color:#eae9e9;border-top-style:solid;border-bottom-style:solid;'><div class=\"fusion-builder-row fusion-row \"><div  class=\"fusion-layout-column fusion_builder_column fusion_builder_column_1_1  fusion-one-full fusion-column-first fusion-column-last fusion-column-no-min-height 1_1\"  style='margin-top:0px;margin-bottom:0px;'>\n\t\t\t<div class=\"fusion-column-wrapper\" style=\"background-position:left top;background-repeat:no-repeat;-webkit-background-size:cover;-moz-background-size:cover;-o-background-size:cover;background-size:cover;\"  data-bg-url=\"\">\n\t\t\t\t<h1 style=\"text-align: center;\"><\/h1>\n<h2>Nasze do\u015bwiadczenie zdobyte przy wsp\u00f3\u0142pracy z architektami, wymagaj\u0105cymi od Nas profesjonalnego podej\u015bcia, wywar\u0142o na nas potrzeb\u0119 pracy na oprogramowaniu daj\u0105cym najlepsze efekty w dziedzinie realistycznych wizualizacji. Oczywi\u015bcie zdajemy sobie spraw\u0119 z indywidualnych potrzeb i staramy si\u0119 sprosta\u0107 ka\u017cdym wymaganiom, bowiem kieruje nami pasja do tego co wykonujemy.<\/h2>\n<h2><\/h2>\n<h2><\/h2>\n<div class=\"fusion-clearfix\"><\/div>\n\n\t\t\t<\/div>\n\t\t<\/div><\/div><\/div><\/p>\n","protected":false},"excerpt":{"rendered":"","protected":false},"author":1,"featured_media":0,"parent":0,"menu_order":0,"comment_status":"closed","ping_status":"open","template":"100-width.php","meta":{"_mi_skip_tracking":false},"yoast_head":"<!-- This site is optimized with the Yoast SEO plugin v19.0 - https:\/\/yoast.com\/wordpress\/plugins\/seo\/ -->\n<title>Wizualizacje - WizualHome3D - wn\u0119trza, architektura, produkty, modele 3D<\/title>\n<meta name=\"description\" content=\"Zajmujemy si\u0119 projektowaniem wn\u0119trz, wykonywaniem wizualizacji wn\u0119trz 3D. Projekty salon\u00f3w, kuchni, \u0142azienek. Projektant wn\u0119trz WizualHome3D - Zapraszamy!\" \/>\n<meta name=\"robots\" content=\"index, follow, max-snippet:-1, max-image-preview:large, max-video-preview:-1\" \/>\n<link rel=\"canonical\" href=\"http:\/\/wizualhome3d.pl\/index.php\/projekt\/\" \/>\n<meta property=\"og:locale\" content=\"pl_PL\" \/>\n<meta property=\"og:type\" content=\"article\" \/>\n<meta property=\"og:title\" content=\"Wizualizacje - WizualHome3D - wn\u0119trza, architektura, produkty, modele 3D\" \/>\n<meta property=\"og:description\" content=\"Zajmujemy si\u0119 projektowaniem wn\u0119trz, wykonywaniem wizualizacji wn\u0119trz 3D. Projekty salon\u00f3w, kuchni, \u0142azienek. Projektant wn\u0119trz WizualHome3D - Zapraszamy!\" \/>\n<meta property=\"og:url\" content=\"http:\/\/wizualhome3d.pl\/index.php\/projekt\/\" \/>\n<meta property=\"og:site_name\" content=\"WizualHome3D - Pracownia wizualizacji komputerowej\" \/>\n<meta property=\"article:publisher\" content=\"https:\/\/www.facebook.com\/wizualhome3d\/\" \/>\n<meta property=\"article:modified_time\" content=\"2017-07-26T10:06:51+00:00\" \/>\n<meta name=\"twitter:card\" content=\"summary\" \/>\n<meta name=\"twitter:label1\" content=\"Szacowany czas czytania\" \/>\n\t<meta name=\"twitter:data1\" content=\"6 minut\" \/>\n<script type=\"application\/ld+json\" class=\"yoast-schema-graph\">{\"@context\":\"https:\/\/schema.org\",\"@graph\":[{\"@type\":\"WebSite\",\"@id\":\"http:\/\/wizualhome3d.pl\/#website\",\"url\":\"http:\/\/wizualhome3d.pl\/\",\"name\":\"WizualHome3D - Pracownia wizualizacji komputerowej\",\"description\":\"Wykonywanie wizualizacji 3D wn\u0119trz, architektury, produkt\u00f3w, modelowanie obiekt\u00f3w 3d\",\"potentialAction\":[{\"@type\":\"SearchAction\",\"target\":{\"@type\":\"EntryPoint\",\"urlTemplate\":\"http:\/\/wizualhome3d.pl\/?s={search_term_string}\"},\"query-input\":\"required name=search_term_string\"}],\"inLanguage\":\"pl-PL\"},{\"@type\":\"WebPage\",\"@id\":\"http:\/\/wizualhome3d.pl\/index.php\/projekt\/#webpage\",\"url\":\"http:\/\/wizualhome3d.pl\/index.php\/projekt\/\",\"name\":\"Wizualizacje - WizualHome3D - wn\u0119trza, architektura, produkty, modele 3D\",\"isPartOf\":{\"@id\":\"http:\/\/wizualhome3d.pl\/#website\"},\"datePublished\":\"2015-02-10T19:21:19+00:00\",\"dateModified\":\"2017-07-26T10:06:51+00:00\",\"description\":\"Zajmujemy si\u0119 projektowaniem wn\u0119trz, wykonywaniem wizualizacji wn\u0119trz 3D. Projekty salon\u00f3w, kuchni, \u0142azienek. Projektant wn\u0119trz WizualHome3D - Zapraszamy!\",\"breadcrumb\":{\"@id\":\"http:\/\/wizualhome3d.pl\/index.php\/projekt\/#breadcrumb\"},\"inLanguage\":\"pl-PL\",\"potentialAction\":[{\"@type\":\"ReadAction\",\"target\":[\"http:\/\/wizualhome3d.pl\/index.php\/projekt\/\"]}]},{\"@type\":\"BreadcrumbList\",\"@id\":\"http:\/\/wizualhome3d.pl\/index.php\/projekt\/#breadcrumb\",\"itemListElement\":[{\"@type\":\"ListItem\",\"position\":1,\"name\":\"Strona g\u0142\u00f3wna\",\"item\":\"http:\/\/wizualhome3d.pl\/\"},{\"@type\":\"ListItem\",\"position\":2,\"name\":\"Oferta\"}]}]}<\/script>\n<!-- \/ Yoast SEO plugin. -->","yoast_head_json":{"title":"Wizualizacje - WizualHome3D - wn\u0119trza, architektura, produkty, modele 3D","description":"Zajmujemy si\u0119 projektowaniem wn\u0119trz, wykonywaniem wizualizacji wn\u0119trz 3D. Projekty salon\u00f3w, kuchni, \u0142azienek. Projektant wn\u0119trz WizualHome3D - Zapraszamy!","robots":{"index":"index","follow":"follow","max-snippet":"max-snippet:-1","max-image-preview":"max-image-preview:large","max-video-preview":"max-video-preview:-1"},"canonical":"http:\/\/wizualhome3d.pl\/index.php\/projekt\/","og_locale":"pl_PL","og_type":"article","og_title":"Wizualizacje - WizualHome3D - wn\u0119trza, architektura, produkty, modele 3D","og_description":"Zajmujemy si\u0119 projektowaniem wn\u0119trz, wykonywaniem wizualizacji wn\u0119trz 3D. Projekty salon\u00f3w, kuchni, \u0142azienek. Projektant wn\u0119trz WizualHome3D - Zapraszamy!","og_url":"http:\/\/wizualhome3d.pl\/index.php\/projekt\/","og_site_name":"WizualHome3D - Pracownia wizualizacji komputerowej","article_publisher":"https:\/\/www.facebook.com\/wizualhome3d\/","article_modified_time":"2017-07-26T10:06:51+00:00","twitter_card":"summary","twitter_misc":{"Szacowany czas czytania":"6 minut"},"schema":{"@context":"https:\/\/schema.org","@graph":[{"@type":"WebSite","@id":"http:\/\/wizualhome3d.pl\/#website","url":"http:\/\/wizualhome3d.pl\/","name":"WizualHome3D - Pracownia wizualizacji komputerowej","description":"Wykonywanie wizualizacji 3D wn\u0119trz, architektury, produkt\u00f3w, modelowanie obiekt\u00f3w 3d","potentialAction":[{"@type":"SearchAction","target":{"@type":"EntryPoint","urlTemplate":"http:\/\/wizualhome3d.pl\/?s={search_term_string}"},"query-input":"required name=search_term_string"}],"inLanguage":"pl-PL"},{"@type":"WebPage","@id":"http:\/\/wizualhome3d.pl\/index.php\/projekt\/#webpage","url":"http:\/\/wizualhome3d.pl\/index.php\/projekt\/","name":"Wizualizacje - WizualHome3D - wn\u0119trza, architektura, produkty, modele 3D","isPartOf":{"@id":"http:\/\/wizualhome3d.pl\/#website"},"datePublished":"2015-02-10T19:21:19+00:00","dateModified":"2017-07-26T10:06:51+00:00","description":"Zajmujemy si\u0119 projektowaniem wn\u0119trz, wykonywaniem wizualizacji wn\u0119trz 3D. Projekty salon\u00f3w, kuchni, \u0142azienek. Projektant wn\u0119trz WizualHome3D - Zapraszamy!","breadcrumb":{"@id":"http:\/\/wizualhome3d.pl\/index.php\/projekt\/#breadcrumb"},"inLanguage":"pl-PL","potentialAction":[{"@type":"ReadAction","target":["http:\/\/wizualhome3d.pl\/index.php\/projekt\/"]}]},{"@type":"BreadcrumbList","@id":"http:\/\/wizualhome3d.pl\/index.php\/projekt\/#breadcrumb","itemListElement":[{"@type":"ListItem","position":1,"name":"Strona g\u0142\u00f3wna","item":"http:\/\/wizualhome3d.pl\/"},{"@type":"ListItem","position":2,"name":"Oferta"}]}]}},"_links":{"self":[{"href":"http:\/\/wizualhome3d.pl\/index.php\/wp-json\/wp\/v2\/pages\/9"}],"collection":[{"href":"http:\/\/wizualhome3d.pl\/index.php\/wp-json\/wp\/v2\/pages"}],"about":[{"href":"http:\/\/wizualhome3d.pl\/index.php\/wp-json\/wp\/v2\/types\/page"}],"author":[{"embeddable":true,"href":"http:\/\/wizualhome3d.pl\/index.php\/wp-json\/wp\/v2\/users\/1"}],"replies":[{"embeddable":true,"href":"http:\/\/wizualhome3d.pl\/index.php\/wp-json\/wp\/v2\/comments?post=9"}],"version-history":[{"count":90,"href":"http:\/\/wizualhome3d.pl\/index.php\/wp-json\/wp\/v2\/pages\/9\/revisions"}],"predecessor-version":[{"id":2128,"href":"http:\/\/wizualhome3d.pl\/index.php\/wp-json\/wp\/v2\/pages\/9\/revisions\/2128"}],"wp:attachment":[{"href":"http:\/\/wizualhome3d.pl\/index.php\/wp-json\/wp\/v2\/media?parent=9"}],"curies":[{"name":"wp","href":"https:\/\/api.w.org\/{rel}","templated":true}]}}